{"id":263,"date":"2024-04-17T12:41:40","date_gmt":"2024-04-17T12:41:40","guid":{"rendered":"https:\/\/voldgift.dk\/?page_id=263"},"modified":"2025-10-29T13:23:37","modified_gmt":"2025-10-29T12:23:37","slug":"beregn-sagens-omkostninger","status":"publish","type":"page","link":"https:\/\/voldgift.dk\/en\/beregn-sagens-omkostninger\/","title":{"rendered":"Calculate case costs"},"content":{"rendered":"<div data-elementor-type=\"wp-page\" data-elementor-id=\"263\" class=\"elementor elementor-263\" data-elementor-post-type=\"page\">\n\t\t\t\t<div class=\"elementor-element elementor-element-66b40944 e-flex e-con-boxed e-con e-parent\" data-id=\"66b40944\" data-element_type=\"container\" data-settings=\"{&quot;background_background&quot;:&quot;classic&quot;}\">\n\t\t\t\t\t<div class=\"e-con-inner\">\n\t\t\t\t<div class=\"elementor-element elementor-element-22cae6e6 elementor-widget elementor-widget-heading\" data-id=\"22cae6e6\" data-element_type=\"widget\" data-widget_type=\"heading.default\">\n\t\t\t\t<div class=\"elementor-widget-container\">\n\t\t\t\t\t<h1 class=\"elementor-heading-title elementor-size-default\">Calculate case costs<\/h1>\t\t\t\t<\/div>\n\t\t\t\t<\/div>\n\t\t<div class=\"elementor-element elementor-element-c88743b e-con-full e-flex e-con e-child\" data-id=\"c88743b\" data-element_type=\"container\">\n\t\t\t\t<div class=\"elementor-element elementor-element-d4eca58 elementor-align-justify elementor-widget__width-initial elementor-widget-mobile__width-initial elementor-widget elementor-widget-button\" data-id=\"d4eca58\" data-element_type=\"widget\" data-widget_type=\"button.default\">\n\t\t\t\t<div class=\"elementor-widget-container\">\n\t\t\t\t\t\t\t\t\t<div class=\"elementor-button-wrapper\">\n\t\t\t\t\t<a class=\"elementor-button elementor-button-link elementor-size-sm elementor-animation-grow\" href=\"https:\/\/voldgift.dk\/en\/kontakt-os\/\">\n\t\t\t\t\t\t<span class=\"elementor-button-content-wrapper\">\n\t\t\t\t\t\t\t\t\t<span class=\"elementor-button-text\">Contact us<\/span>\n\t\t\t\t\t<\/span>\n\t\t\t\t\t<\/a>\n\t\t\t\t<\/div>\n\t\t\t\t\t\t\t\t<\/div>\n\t\t\t\t<\/div>\n\t\t\t\t<div class=\"elementor-element elementor-element-bca00ae elementor-align-justify elementor-widget__width-initial elementor-widget elementor-widget-button\" data-id=\"bca00ae\" data-element_type=\"widget\" data-widget_type=\"button.default\">\n\t\t\t\t<div class=\"elementor-widget-container\">\n\t\t\t\t\t\t\t\t\t<div class=\"elementor-button-wrapper\">\n\t\t\t\t\t<a class=\"elementor-button elementor-button-link elementor-size-sm elementor-animation-grow\" href=\"https:\/\/vbaportalen.dk\/account\/login\" target=\"_blank\">\n\t\t\t\t\t\t<span class=\"elementor-button-content-wrapper\">\n\t\t\t\t\t\t\t\t\t<span class=\"elementor-button-text\">VBA Portal<\/span>\n\t\t\t\t\t<\/span>\n\t\t\t\t\t<\/a>\n\t\t\t\t<\/div>\n\t\t\t\t\t\t\t\t<\/div>\n\t\t\t\t<\/div>\n\t\t\t\t<\/div>\n\t\t\t\t\t<\/div>\n\t\t\t\t<\/div>\n\t\t<div class=\"elementor-element elementor-element-190254b e-flex e-con-boxed e-con e-parent\" data-id=\"190254b\" data-element_type=\"container\">\n\t\t\t\t\t<div class=\"e-con-inner\">\n\t\t<div class=\"elementor-element elementor-element-2c506b2d e-con-full e-flex e-con e-child\" data-id=\"2c506b2d\" data-element_type=\"container\">\n\t\t\t\t<div class=\"elementor-element elementor-element-551b4d58 elementor-widget elementor-widget-image\" data-id=\"551b4d58\" data-element_type=\"widget\" data-widget_type=\"image.default\">\n\t\t\t\t<div class=\"elementor-widget-container\">\n\t\t\t\t\t\t\t\t\t\t\t\t\t\t\t<img fetchpriority=\"high\" decoding=\"async\" width=\"2560\" height=\"1707\" src=\"https:\/\/voldgift.dk\/wp-content\/uploads\/2024\/09\/Byggepladser_0062-scaled.jpg\" class=\"attachment-full size-full wp-image-1651\" alt=\"\" srcset=\"https:\/\/voldgift.dk\/wp-content\/uploads\/2024\/09\/Byggepladser_0062-scaled.jpg 2560w, https:\/\/voldgift.dk\/wp-content\/uploads\/2024\/09\/Byggepladser_0062-300x200.jpg 300w, https:\/\/voldgift.dk\/wp-content\/uploads\/2024\/09\/Byggepladser_0062-1024x683.jpg 1024w, https:\/\/voldgift.dk\/wp-content\/uploads\/2024\/09\/Byggepladser_0062-768x512.jpg 768w, https:\/\/voldgift.dk\/wp-content\/uploads\/2024\/09\/Byggepladser_0062-1536x1024.jpg 1536w, https:\/\/voldgift.dk\/wp-content\/uploads\/2024\/09\/Byggepladser_0062-2048x1365.jpg 2048w, https:\/\/voldgift.dk\/wp-content\/uploads\/2024\/09\/Byggepladser_0062-18x12.jpg 18w\" sizes=\"(max-width: 2560px) 100vw, 2560px\" \/>\t\t\t\t\t\t\t\t\t\t\t\t\t\t\t<\/div>\n\t\t\t\t<\/div>\n\t\t\t\t<\/div>\n\t\t<div class=\"elementor-element elementor-element-3bd235f6 e-con-full e-flex e-con e-child\" data-id=\"3bd235f6\" data-element_type=\"container\">\n\t\t\t\t<div class=\"elementor-element elementor-element-4e94aab0 elementor-widget elementor-widget-text-editor\" data-id=\"4e94aab0\" data-element_type=\"widget\" data-widget_type=\"text-editor.default\">\n\t\t\t\t<div class=\"elementor-widget-container\">\n\t\t\t\t\t\t\t\t\t<div><p>The cost calculator is used to estimate the costs of arbitration cases with 3 arbitrators \u2013 even in very large cases. The calculation is only indicative, as the complexity of the case, its duration, the number of arbitrators, etc., may warrant a deviation from the standard fee.\u00a0\u00a0\u00a0\u00a0\u00a0<\/p><p>In cases with five arbitrators, the secretariat should be contacted for information about costs. In cases with only one arbitrator, the calculator can only be used for the service fee. Further information is available under the tab <span style=\"text-decoration: underline;color: #012f6c\"><a style=\"color: #012f6c;text-decoration: underline\" href=\"https:\/\/voldgift.dk\/en\/sagsomkostninger\/\">case costs<\/a><\/span>.<\/p><p>The calculator can be used for cases with a claim amount of up to 500 million DKK.<\/p><p><b>Depotberegneren er justeret pr. 1. oktober 2025 p\u00e5 baggrund af \u00e6ndrede honorarpriser, jf. <a href=\"https:\/\/voldgift.dk\/en\/nyhed-om-justeringer-af-priser\/\">nyhed af 12. september 2025<\/a>.<\/b><\/p><p>Tilpasningen af n\u00e6vnets depotberegner, s\u00e5ledes at beregningen af serviceafgiften ensrettes i alle voldgiftssager op til 500 mio. kr., indeb\u00e6rer, at der pr. 1. oktober 2025 sker en interpolering af de i vejledningen anf\u00f8rte procentsatser , dvs. ved 30 \u2013 75 mio. kr. p\u00e5 1,00 %, ved 75 \u2013 150 mio. kr. p\u00e5 0,50 % og ved 150 \u2013 500 mio. kr. p\u00e5 0,25 % .<\/p><p>Denne \u00e6ndring f\u00e5r ikke betydning for allerede afsluttede sager<\/p><p>Contact the secretariat if additional information is needed.<\/p><\/div>\t\t\t\t\t\t\t\t<\/div>\n\t\t\t\t<\/div>\n\t\t\t\t<div class=\"elementor-element elementor-element-a74b589 elementor-widget elementor-widget-shortcode\" data-id=\"a74b589\" data-element_type=\"widget\" data-widget_type=\"shortcode.default\">\n\t\t\t\t<div class=\"elementor-widget-container\">\n\t\t\t\t\t\t\t<div class=\"elementor-shortcode\"><div class=\"voldgiftBeregnerBox\">\n    <form id=\"calculationFormV2\" class=\"form-inline\" action=\"\">\n        <label for=\"genstandV2\">Enter the claim amount:<\/label>\n        <input type=\"text\" id=\"genstandV2\" name=\"genstand\" value=\"500.000\" required>\n        <button type=\"submit\">Calculate<\/button>\n    <input type=\"hidden\" name=\"trp-form-language\" value=\"en\"\/><\/form>\n<\/div>\n\n<table class=\"beregnerResultat\" border=\"0\">\n    <tr>\n        <td width=\"70%\">Initial fee payable to the Arbitration Board \u2013 fixed fee<\/td>\n        <td width=\"30%\">4.000<\/td>\n    <\/tr>\n    <tr>\n        <td width=\"70%\">Service charge payable to the Arbitration Board<\/td>\n        <td id=\"serviceAfgiftV2\" width=\"30%\">7.000<\/td>\n    <\/tr>\n    <tr>\n        <td width=\"70%\">Indicative fees payable to the arbitration tribunal (three arbitrators)<\/td>\n        <td id=\"honorarV2\" width=\"30%\">75.000<\/td>\n    <\/tr>\n    <tr>\n        <td width=\"70%\">Samlede sagsomkostninger<\/td>\n        <td id=\"samledeOmkostningerV2\" width=\"30%\">86.000<\/td>\n    <\/tr>\n<\/table>\n\n<script>\nfunction formatNumber(n) {\n    return n.toString().replace(\/\\B(?=(\\d{3})+(?!\\d))\/g, \".\");\n}\n\n\/\/ Format input field as user types\ndocument.getElementById('genstandV2').addEventListener('input', function(e) {\n    let cursorPosition = this.selectionStart;\n    let value = this.value.replace(\/\\.\/g, '');\n    let originalLength = this.value.length;\n    \n    if (value != \"\") {\n        value = parseInt(value).toString();\n        value = formatNumber(value);\n    }\n    \n    this.value = value;\n    \n    \/\/ Adjust cursor position for added thousand separators\n    let newLength = this.value.length;\n    cursorPosition += (newLength - originalLength);\n    this.setSelectionRange(cursorPosition, cursorPosition);\n});\n\ndocument.getElementById('calculationFormV2').addEventListener('submit', function(e) {\n    e.preventDefault();\n    let val = document.getElementById('genstandV2').value.replace(\/\\.\/g,'');\n    \n    fetch('https:\/\/voldgift.dk\/wp-admin\/admin-ajax.php', {\n        method:'POST',\n        headers:{'Content-Type':'application\/x-www-form-urlencoded'},\n        body:'action=beregner_calculation_options_v2&genstand='+val\n    })\n    .then(r=>r.json())\n    .then(data=>{\n        \n        document.getElementById('serviceAfgiftV2').innerText = formatNumber(data.serviceAfgift);\n        document.getElementById('honorarV2').innerText = typeof data.honorar === 'string' ? data.honorar : formatNumber(data.honorar);\n        document.getElementById('samledeOmkostningerV2').innerText = typeof data.samledeOmkostninger === 'string' ? \n            data.samledeOmkostninger : formatNumber(data.samledeOmkostninger);\n    })\n    .catch(err => console.error(err));\n});\n<\/script>\n<\/div>\n\t\t\t\t\t\t<\/div>\n\t\t\t\t<\/div>\n\t\t\t\t<\/div>\n\t\t\t\t\t<\/div>\n\t\t\t\t<\/div>\n\t\t<div class=\"elementor-element elementor-element-7f465fa6 e-flex e-con-boxed e-con e-parent\" data-id=\"7f465fa6\" data-element_type=\"container\">\n\t\t\t\t\t<div class=\"e-con-inner\">\n\t\t<div class=\"elementor-element elementor-element-1866a79c e-con-full e-flex e-con e-child\" data-id=\"1866a79c\" data-element_type=\"container\">\n\t\t\t\t<div class=\"elementor-element elementor-element-c1ee790 elementor-widget__width-inherit elementor-widget elementor-widget-heading\" data-id=\"c1ee790\" data-element_type=\"widget\" data-widget_type=\"heading.default\">\n\t\t\t\t<div class=\"elementor-widget-container\">\n\t\t\t\t\t<h2 class=\"elementor-heading-title elementor-size-default\">Cost calculator<\/h2>\t\t\t\t<\/div>\n\t\t\t\t<\/div>\n\t\t\t\t<div class=\"elementor-element elementor-element-53047909 elementor-widget elementor-widget-text-editor\" data-id=\"53047909\" data-element_type=\"widget\" data-widget_type=\"text-editor.default\">\n\t\t\t\t<div class=\"elementor-widget-container\">\n\t\t\t\t\t\t\t\t\t<div class=\"content_text\"><p>Omkostningsberegneren\u00a0giver den samlede udgift til gebyr, serviceafgift og honorar ved sagens behandling i sager med <strong>three arbitrators. <\/strong>N\u00e5r sagens genstand\u00a0er indtastet,\u00a0vises et udgangspunkt\u00a0for omkostningerne.<\/p><p>The calculated cost is thus indicative only, and the final costs payable may differ because of the way the case develops, the cost of renting premises, etc.<\/p><p>I sager under 1 mio. kr. med alene\u00a0\u00e9n dommer er honoraret som udgangspunkt minimum 35.000 kr.\u00a0Er sagens genstand mellem 1-2 mio. kr., vil honoraret til den ene dommer som udgangspunkt v\u00e6re 50.000 kr. Det er forudsat, at hovedforhandlingen alene varer en dag.\u00a0<\/p><p>The calculator cannot be used in cases in which the level of claim exceeds DKK 0.5 billion. In such cases the Secretariat should be contacted for relevant information.<\/p><\/div>\t\t\t\t\t\t\t\t<\/div>\n\t\t\t\t<\/div>\n\t\t\t\t<\/div>\n\t\t<div class=\"elementor-element elementor-element-11ef64 e-con-full e-flex e-con e-child\" data-id=\"11ef64\" data-element_type=\"container\">\n\t\t\t\t<div class=\"elementor-element elementor-element-6d8e1fbb elementor-widget elementor-widget-image\" data-id=\"6d8e1fbb\" data-element_type=\"widget\" data-widget_type=\"image.default\">\n\t\t\t\t<div class=\"elementor-widget-container\">\n\t\t\t\t\t\t\t\t\t\t\t\t\t\t\t<img decoding=\"async\" width=\"2560\" height=\"1707\" src=\"https:\/\/voldgift.dk\/wp-content\/uploads\/2024\/09\/Hanstholm_Havnebyggeri_0039-scaled.jpg\" class=\"attachment-full size-full wp-image-1647\" alt=\"\" srcset=\"https:\/\/voldgift.dk\/wp-content\/uploads\/2024\/09\/Hanstholm_Havnebyggeri_0039-scaled.jpg 2560w, https:\/\/voldgift.dk\/wp-content\/uploads\/2024\/09\/Hanstholm_Havnebyggeri_0039-300x200.jpg 300w, https:\/\/voldgift.dk\/wp-content\/uploads\/2024\/09\/Hanstholm_Havnebyggeri_0039-1024x683.jpg 1024w, https:\/\/voldgift.dk\/wp-content\/uploads\/2024\/09\/Hanstholm_Havnebyggeri_0039-768x512.jpg 768w, https:\/\/voldgift.dk\/wp-content\/uploads\/2024\/09\/Hanstholm_Havnebyggeri_0039-1536x1024.jpg 1536w, https:\/\/voldgift.dk\/wp-content\/uploads\/2024\/09\/Hanstholm_Havnebyggeri_0039-2048x1365.jpg 2048w, https:\/\/voldgift.dk\/wp-content\/uploads\/2024\/09\/Hanstholm_Havnebyggeri_0039-18x12.jpg 18w\" sizes=\"(max-width: 2560px) 100vw, 2560px\" \/>\t\t\t\t\t\t\t\t\t\t\t\t\t\t\t<\/div>\n\t\t\t\t<\/div>\n\t\t\t\t<\/div>\n\t\t\t\t\t<\/div>\n\t\t\t\t<\/div>\n\t\t<div class=\"elementor-element elementor-element-4bf15682 e-flex e-con-boxed e-con e-parent\" data-id=\"4bf15682\" data-element_type=\"container\">\n\t\t\t\t\t<div class=\"e-con-inner\">\n\t\t<div class=\"elementor-element elementor-element-7abf85d2 e-con-full e-flex e-con e-child\" data-id=\"7abf85d2\" data-element_type=\"container\">\n\t\t\t\t<div class=\"elementor-element elementor-element-204c7778 elementor-widget elementor-widget-image\" data-id=\"204c7778\" data-element_type=\"widget\" data-widget_type=\"image.default\">\n\t\t\t\t<div class=\"elementor-widget-container\">\n\t\t\t\t\t\t\t\t\t\t\t\t\t\t\t<img decoding=\"async\" width=\"2560\" height=\"1707\" src=\"https:\/\/voldgift.dk\/wp-content\/uploads\/2024\/09\/Kraner_0037-scaled.jpg\" class=\"attachment-full size-full wp-image-1648\" alt=\"\" srcset=\"https:\/\/voldgift.dk\/wp-content\/uploads\/2024\/09\/Kraner_0037-scaled.jpg 2560w, https:\/\/voldgift.dk\/wp-content\/uploads\/2024\/09\/Kraner_0037-300x200.jpg 300w, https:\/\/voldgift.dk\/wp-content\/uploads\/2024\/09\/Kraner_0037-1024x683.jpg 1024w, https:\/\/voldgift.dk\/wp-content\/uploads\/2024\/09\/Kraner_0037-768x512.jpg 768w, https:\/\/voldgift.dk\/wp-content\/uploads\/2024\/09\/Kraner_0037-1536x1024.jpg 1536w, https:\/\/voldgift.dk\/wp-content\/uploads\/2024\/09\/Kraner_0037-2048x1365.jpg 2048w, https:\/\/voldgift.dk\/wp-content\/uploads\/2024\/09\/Kraner_0037-18x12.jpg 18w\" sizes=\"(max-width: 2560px) 100vw, 2560px\" \/>\t\t\t\t\t\t\t\t\t\t\t\t\t\t\t<\/div>\n\t\t\t\t<\/div>\n\t\t\t\t<\/div>\n\t\t<div class=\"elementor-element elementor-element-37076ad9 e-con-full e-flex e-con e-child\" data-id=\"37076ad9\" data-element_type=\"container\">\n\t\t\t\t<div class=\"elementor-element elementor-element-852ff4f elementor-widget__width-inherit elementor-widget elementor-widget-heading\" data-id=\"852ff4f\" data-element_type=\"widget\" data-widget_type=\"heading.default\">\n\t\t\t\t<div class=\"elementor-widget-container\">\n\t\t\t\t\t<h2 class=\"elementor-heading-title elementor-size-default\">Payment of deposits<\/h2>\t\t\t\t<\/div>\n\t\t\t\t<\/div>\n\t\t\t\t<div class=\"elementor-element elementor-element-383f09e6 elementor-widget elementor-widget-text-editor\" data-id=\"383f09e6\" data-element_type=\"widget\" data-widget_type=\"text-editor.default\">\n\t\t\t\t<div class=\"elementor-widget-container\">\n\t\t\t\t\t\t\t\t\t<div class=\"content_text\">\n<p>No fee or charge is required to be paid at the same time as the submission of the complaint or related documents. The Arbitration Board determines and notifies the amount of the security deposit for the costs of conducting the arbitration case at the start of the case, i.e., a deposit. The deposit payment is shared between the involved parties.<\/p>\n<p>Der opkr\u00e6ves 60.000 kr. i sager med alene \u00e9n dommer og med en p\u00e5stand under 1 mio. kr. I sager med en sagsgenstand over 1 mio. kr. og\/eller med 3 dommere fasts\u00e6ttes depotet med udgangspunkt i sagens genstand, jf. beregneren ovenfor.<\/p>\n<p>Depotet for\u00f8ges l\u00f8bende, hvis der m\u00e5tte vise sig behov herfor, f.eks. p\u00e5 grund af en \u00e6ndret samlet genstand eller antallet af m\u00f8dedage. Voldgiftsn\u00e6vnet l\u00e6gger ikke ud for parternes udgifter og afventer yderligere depotindbetalinger, inden der kan ske afregning af sagerne.<\/p>\n<p>The parties may not submit a bank guarantee for payment of the costs when a statement of complaint is lodged at the Arbitration Board.<\/p>\n<p>At the conclusion of the case, the arbitration tribunal will make a decision on the distribution of the case costs between the parties, after which the board will settle the case. In this context, any overpaid deposit will be refunded through the individual parties' lawyers.&nbsp;<\/p>\n<p>Interest on or losses from the deposited funds will accrue to \/ be borne by the Arbitration Board.<\/p>\n<\/div>\t\t\t\t\t\t\t\t<\/div>\n\t\t\t\t<\/div>\n\t\t\t\t<\/div>\n\t\t\t\t\t<\/div>\n\t\t\t\t<\/div>\n\t\t\t\t<\/div>","protected":false},"excerpt":{"rendered":"<p>Beregn sagens omkostninger Kontakt os VBA Portalen Omkostningsberegneren\u00a0anvendes\u00a0til beregning\u00a0af omkostninger ved behandling\u00a0af voldgiftssager\u00a0med 3 dommere \u2013\u00a0ogs\u00e5 i meget store sager.\u00a0Beregningen er alene\u00a0vejledende, da\u00a0sagens\u00a0kompleksitet,\u00a0varighed,\u00a0antallet af dommere\u00a0mm. kan\u00a0tilsige, at udgangspunktet for honoraret\u00a0fraviges.\u00a0\u00a0\u00a0\u00a0\u00a0 I sager med fem dommere\u00a0bedes sekretariatet kontaktet for oplysning om omkostninger. I sager med alene \u00e9n dommer kan beregneren alene anvendes vedr.\u00a0serviceafgift. Der\u00a0er yderligere oplysning [&hellip;]<\/p>","protected":false},"author":1,"featured_media":0,"parent":0,"menu_order":0,"comment_status":"closed","ping_status":"closed","template":"elementor_header_footer","meta":{"footnotes":""},"class_list":["post-263","page","type-page","status-publish","hentry"],"_links":{"self":[{"href":"https:\/\/voldgift.dk\/en\/wp-json\/wp\/v2\/pages\/263","targetHints":{"allow":["GET"]}}],"collection":[{"href":"https:\/\/voldgift.dk\/en\/wp-json\/wp\/v2\/pages"}],"about":[{"href":"https:\/\/voldgift.dk\/en\/wp-json\/wp\/v2\/types\/page"}],"author":[{"embeddable":true,"href":"https:\/\/voldgift.dk\/en\/wp-json\/wp\/v2\/users\/1"}],"replies":[{"embeddable":true,"href":"https:\/\/voldgift.dk\/en\/wp-json\/wp\/v2\/comments?post=263"}],"version-history":[{"count":121,"href":"https:\/\/voldgift.dk\/en\/wp-json\/wp\/v2\/pages\/263\/revisions"}],"predecessor-version":[{"id":3362,"href":"https:\/\/voldgift.dk\/en\/wp-json\/wp\/v2\/pages\/263\/revisions\/3362"}],"wp:attachment":[{"href":"https:\/\/voldgift.dk\/en\/wp-json\/wp\/v2\/media?parent=263"}],"curies":[{"name":"wp","href":"https:\/\/api.w.org\/{rel}","templated":true}]}}