{"id":275,"date":"2024-04-17T12:43:11","date_gmt":"2024-04-17T12:43:11","guid":{"rendered":"https:\/\/voldgift.dk\/?page_id=275"},"modified":"2026-04-24T12:39:36","modified_gmt":"2026-04-24T10:39:36","slug":"uformel-bedoemmelse","status":"publish","type":"page","link":"https:\/\/voldgift.dk\/en\/uformel-bedoemmelse\/","title":{"rendered":"Informal dispute assessment"},"content":{"rendered":"<div data-elementor-type=\"wp-page\" data-elementor-id=\"275\" class=\"elementor elementor-275\" data-elementor-post-type=\"page\">\n\t\t\t\t<div class=\"elementor-element elementor-element-f1ba202 e-flex e-con-boxed e-con e-parent\" data-id=\"f1ba202\" data-element_type=\"container\" data-settings=\"{&quot;background_background&quot;:&quot;classic&quot;}\">\n\t\t\t\t\t<div class=\"e-con-inner\">\n\t\t\t\t<div class=\"elementor-element elementor-element-8059d36 elementor-widget elementor-widget-heading\" data-id=\"8059d36\" data-element_type=\"widget\" data-widget_type=\"heading.default\">\n\t\t\t\t<div class=\"elementor-widget-container\">\n\t\t\t\t\t<h1 class=\"elementor-heading-title elementor-size-default\">Informal dispute assessment<\/h1>\t\t\t\t<\/div>\n\t\t\t\t<\/div>\n\t\t<div class=\"elementor-element elementor-element-77546e1 e-con-full e-flex e-con e-child\" data-id=\"77546e1\" data-element_type=\"container\">\n\t\t\t\t<div class=\"elementor-element elementor-element-3444c38 elementor-align-justify elementor-widget__width-initial elementor-widget-mobile__width-initial elementor-widget elementor-widget-button\" data-id=\"3444c38\" data-element_type=\"widget\" data-widget_type=\"button.default\">\n\t\t\t\t<div class=\"elementor-widget-container\">\n\t\t\t\t\t\t\t\t\t<div class=\"elementor-button-wrapper\">\n\t\t\t\t\t<a class=\"elementor-button elementor-button-link elementor-size-sm elementor-animation-grow\" href=\"https:\/\/voldgift.dk\/en\/kontakt-os\/\">\n\t\t\t\t\t\t<span class=\"elementor-button-content-wrapper\">\n\t\t\t\t\t\t\t\t\t<span class=\"elementor-button-text\">Contact us<\/span>\n\t\t\t\t\t<\/span>\n\t\t\t\t\t<\/a>\n\t\t\t\t<\/div>\n\t\t\t\t\t\t\t\t<\/div>\n\t\t\t\t<\/div>\n\t\t\t\t<div class=\"elementor-element elementor-element-fae2adf elementor-align-justify elementor-widget__width-initial elementor-widget elementor-widget-button\" data-id=\"fae2adf\" data-element_type=\"widget\" data-widget_type=\"button.default\">\n\t\t\t\t<div class=\"elementor-widget-container\">\n\t\t\t\t\t\t\t\t\t<div class=\"elementor-button-wrapper\">\n\t\t\t\t\t<a class=\"elementor-button elementor-button-link elementor-size-sm elementor-animation-grow\" href=\"https:\/\/vbaportalen.dk\/account\/login\" target=\"_blank\">\n\t\t\t\t\t\t<span class=\"elementor-button-content-wrapper\">\n\t\t\t\t\t\t\t\t\t<span class=\"elementor-button-text\">VBA Portal<\/span>\n\t\t\t\t\t<\/span>\n\t\t\t\t\t<\/a>\n\t\t\t\t<\/div>\n\t\t\t\t\t\t\t\t<\/div>\n\t\t\t\t<\/div>\n\t\t\t\t<\/div>\n\t\t\t\t\t<\/div>\n\t\t\t\t<\/div>\n\t\t<div class=\"elementor-element elementor-element-4d5d8842 e-flex e-con-boxed e-con e-parent\" data-id=\"4d5d8842\" data-element_type=\"container\">\n\t\t\t\t\t<div class=\"e-con-inner\">\n\t\t<div class=\"elementor-element elementor-element-50d4e544 e-con-full e-flex e-con e-child\" data-id=\"50d4e544\" data-element_type=\"container\">\n\t\t\t\t<div class=\"elementor-element elementor-element-590e9336 elementor-widget elementor-widget-image\" data-id=\"590e9336\" data-element_type=\"widget\" data-widget_type=\"image.default\">\n\t\t\t\t<div class=\"elementor-widget-container\">\n\t\t\t\t\t\t\t\t\t\t\t\t\t\t\t<img fetchpriority=\"high\" decoding=\"async\" width=\"2560\" height=\"1707\" src=\"https:\/\/voldgift.dk\/wp-content\/uploads\/2024\/09\/Byggepladser_0216-scaled.jpg\" class=\"attachment-full size-full wp-image-1641\" alt=\"\" srcset=\"https:\/\/voldgift.dk\/wp-content\/uploads\/2024\/09\/Byggepladser_0216-scaled.jpg 2560w, https:\/\/voldgift.dk\/wp-content\/uploads\/2024\/09\/Byggepladser_0216-300x200.jpg 300w, https:\/\/voldgift.dk\/wp-content\/uploads\/2024\/09\/Byggepladser_0216-1024x683.jpg 1024w, https:\/\/voldgift.dk\/wp-content\/uploads\/2024\/09\/Byggepladser_0216-768x512.jpg 768w, https:\/\/voldgift.dk\/wp-content\/uploads\/2024\/09\/Byggepladser_0216-1536x1024.jpg 1536w, https:\/\/voldgift.dk\/wp-content\/uploads\/2024\/09\/Byggepladser_0216-2048x1365.jpg 2048w, https:\/\/voldgift.dk\/wp-content\/uploads\/2024\/09\/Byggepladser_0216-18x12.jpg 18w\" sizes=\"(max-width: 2560px) 100vw, 2560px\" \/>\t\t\t\t\t\t\t\t\t\t\t\t\t\t\t<\/div>\n\t\t\t\t<\/div>\n\t\t\t\t<\/div>\n\t\t<div class=\"elementor-element elementor-element-651c3dfc e-con-full e-flex e-con e-child\" data-id=\"651c3dfc\" data-element_type=\"container\">\n\t\t\t\t<div class=\"elementor-element elementor-element-8355781 elementor-widget elementor-widget-text-editor\" data-id=\"8355781\" data-element_type=\"widget\" data-widget_type=\"text-editor.default\">\n\t\t\t\t<div class=\"elementor-widget-container\">\n\t\t\t\t\t\t\t\t\t<p>In informal dispute assessment proceedings the parties must provide security for all estimated costs relating to the assessment. In addition to the Arbitration Board fee for management of the case, the security must cover the assessor\u2019s fee as provisionally estimated.<\/p><p>If the parties wish an additional assessor to be included, a supplementary fee of DKK 2,000 is payable.<\/p><p>The assessor\u2019s fee for his or her work in the procedure is calculated on the basis of time spent. The fee and other costs are determined by the Arbitration Board based on a recommendation from the assessor.<\/p><p>At the start of the procedure, the Arbitration Board determines the amount of security to be provided, which will give the parties an idea of the maximum costs involved in the case procedure. The amount will in principle be DKK 20,000, which must be distributed equally among the parties.<\/p><p>The parties are jointly and severally liable for the amount, with recourse.<\/p><p>The parties are jointly and severally liable for the amount, with recourse.<\/p>\t\t\t\t\t\t\t\t<\/div>\n\t\t\t\t<\/div>\n\t\t\t\t<\/div>\n\t\t\t\t\t<\/div>\n\t\t\t\t<\/div>\n\t\t<div class=\"elementor-element elementor-element-64193651 e-flex e-con-boxed e-con e-parent\" data-id=\"64193651\" data-element_type=\"container\" data-settings=\"{&quot;background_background&quot;:&quot;classic&quot;}\">\n\t\t\t\t\t<div class=\"e-con-inner\">\n\t\t\t\t<div class=\"elementor-element elementor-element-595ae268 elementor-widget__width-inherit elementor-widget elementor-widget-heading\" data-id=\"595ae268\" data-element_type=\"widget\" data-widget_type=\"heading.default\">\n\t\t\t\t<div class=\"elementor-widget-container\">\n\t\t\t\t\t<h2 class=\"elementor-heading-title elementor-size-default\">Prices<\/h2>\t\t\t\t<\/div>\n\t\t\t\t<\/div>\n\t\t<div class=\"elementor-element elementor-element-7cdcd923 e-con-full e-flex e-con e-child\" data-id=\"7cdcd923\" data-element_type=\"container\">\n\t\t\t\t<div class=\"elementor-element elementor-element-5fd18394 elementor-widget elementor-widget-text-editor\" data-id=\"5fd18394\" data-element_type=\"widget\" data-widget_type=\"text-editor.default\">\n\t\t\t\t<div class=\"elementor-widget-container\">\n\t\t\t\t\t\t\t\t\t<p>A front-end fee of DKK 4,000 and a service charge of DKK 7,000 is payable at the start of proceedings.<\/p><p>If the parties withdraw the case not later than thirty days after it was filed with the Arbitration Board and before an assessor has been appointed, the service charge will be waived.<\/p>\t\t\t\t\t\t\t\t<\/div>\n\t\t\t\t<\/div>\n\t\t\t\t<\/div>\n\t\t<div class=\"elementor-element elementor-element-52245062 e-con-full e-flex e-con e-child\" data-id=\"52245062\" data-element_type=\"container\">\n\t\t\t\t<div class=\"elementor-element elementor-element-48261ff7 elementor-widget elementor-widget-text-editor\" data-id=\"48261ff7\" data-element_type=\"widget\" data-widget_type=\"text-editor.default\">\n\t\t\t\t<div class=\"elementor-widget-container\">\n\t\t\t\t\t\t\t\t\t<p>An overview of the board's fees and charges can be found below.<\/p>\t\t\t\t\t\t\t\t<\/div>\n\t\t\t\t<\/div>\n\t\t\t\t<\/div>\n\t\t<div class=\"elementor-element elementor-element-30a3b63e e-con-full e-flex e-con e-child\" data-id=\"30a3b63e\" data-element_type=\"container\">\n\t\t\t\t<div class=\"elementor-element elementor-element-79763993 elementor-align-justify elementor-widget__width-initial elementor-widget elementor-widget-button\" data-id=\"79763993\" data-element_type=\"widget\" data-widget_type=\"button.default\">\n\t\t\t\t<div class=\"elementor-widget-container\">\n\t\t\t\t\t\t\t\t\t<div class=\"elementor-button-wrapper\">\n\t\t\t\t\t<a class=\"elementor-button elementor-button-link elementor-size-sm\" href=\"https:\/\/voldgift.dk\/wp-content\/uploads\/2025\/11\/Skema-over-gebyr-afgift-og-tillaeg-oktober-2025.pdf\" target=\"_blank\">\n\t\t\t\t\t\t<span class=\"elementor-button-content-wrapper\">\n\t\t\t\t\t\t<span class=\"elementor-button-icon\">\n\t\t\t\t<svg xmlns=\"http:\/\/www.w3.org\/2000\/svg\" width=\"42.35\" height=\"42.35\" viewbox=\"0 0 42.35 42.35\"><g id=\"download-pdf\" transform=\"translate(0)\"><g id=\"Group_314\" data-name=\"Group 314\" transform=\"translate(5.328 0)\"><g id=\"Group_313\" data-name=\"Group 313\"><path id=\"Path_9918\" data-name=\"Path 9918\" d=\"M80.375,8.78l-7.168,7.167h7.168Z\" transform=\"translate(-72.48 -8.054)\"><\/path><path id=\"Path_9919\" data-name=\"Path 9919\" d=\"M74.84,15.044V26.07a5.082,5.082,0,0,0,5.076,5.076H94.235v7.482a1.241,1.241,0,0,1-1.241,1.241H71.739l2.939-3.625a3.52,3.52,0,0,0-2.263-5.706V25.782a3.525,3.525,0,0,0-3.521-3.521H64.419V10.375h9.135a1.241,1.241,0,0,0,1.241-1.241V0h18.2a1.241,1.241,0,0,1,1.241,1.241V9.968H79.917a5.082,5.082,0,0,0-5.076,5.076Z\" transform=\"translate(-64.419 0)\"><\/path><\/g><\/g><path id=\"Path_9920\" data-name=\"Path 9920\" d=\"M277.53,219.571a1.074,1.074,0,0,1-1.077,1.04l-1.008,0c0-1.085,0-.663-.006-2.084h1.013A1.074,1.074,0,0,1,277.53,219.571Z\" transform=\"translate(-252.657 -200.454)\"><\/path><path id=\"Path_9921\" data-name=\"Path 9921\" d=\"M232.627,156.136h-1.046c0,.813,0,2,0,2.474,0,.565,0,1.7.006,2.485.393,0,.83-.006,1.077-.01,1.247-.022,1.8-1.255,1.8-2.467s-.485-2.481-1.845-2.481Zm0,0h-1.046c0,.813,0,2,0,2.474,0,.565,0,1.7.006,2.485.393,0,.83-.006,1.077-.01,1.247-.022,1.8-1.255,1.8-2.467s-.485-2.481-1.845-2.481Zm9.306-5.626H223a2.6,2.6,0,0,0-2.595,2.595v11.026A2.6,2.6,0,0,0,223,166.726h18.929a2.6,2.6,0,0,0,2.6-2.595V153.1A2.6,2.6,0,0,0,241.933,150.51Zm-15.958,9.361-1.016,0v2.051a.827.827,0,0,1-1.654,0v-6.617a.829.829,0,0,1,.827-.827h1.843a2.695,2.695,0,1,1,0,5.389Zm6.721,2.868c-.534.009-1.87.015-1.927.015a.857.857,0,0,1-.844-.935v-6.508a.827.827,0,0,1,.827-.829h1.874c2.093,0,3.5,1.662,3.5,4.136C236.127,160.971,234.683,162.7,232.7,162.739Zm7.9-5.011a.827.827,0,0,1,0,1.654h-1.642v2.544a.827.827,0,0,1-1.654,0v-6.617a.827.827,0,0,1,.827-.827h2.682a.827.827,0,0,1,0,1.654h-1.855v1.591Zm-7.966-1.591h-1.046c0,.813,0,2,0,2.474,0,.565,0,1.7.006,2.485.393,0,.83-.006,1.077-.01,1.247-.022,1.8-1.255,1.8-2.467S233.988,156.136,232.627,156.136Z\" transform=\"translate(-202.179 -138.061)\"><\/path><g id=\"Group_315\" data-name=\"Group 315\" transform=\"translate(0 24.742)\"><path id=\"Path_9922\" data-name=\"Path 9922\" d=\"M13.66,309.059l-5.906,7.284a1.041,1.041,0,0,1-1.616,0L.232,309.059a1.039,1.039,0,0,1,.807-1.694h2.01v-7.206a1.039,1.039,0,0,1,1.04-1.04H9.8a1.04,1.04,0,0,1,1.04,1.04v7.206h2.01a1.039,1.039,0,0,1,.807,1.694Z\" transform=\"translate(0 -299.119)\"><\/path><\/g><\/g><\/svg>\t\t\t<\/span>\n\t\t\t\t\t\t\t\t\t<span class=\"elementor-button-text\">Skema over gebyr, afgift og till\u00e6g oktober 2025<\/span>\n\t\t\t\t\t<\/span>\n\t\t\t\t\t<\/a>\n\t\t\t\t<\/div>\n\t\t\t\t\t\t\t\t<\/div>\n\t\t\t\t<\/div>\n\t\t\t\t<div class=\"elementor-element elementor-element-379b34d2 elementor-align-justify elementor-widget__width-initial elementor-widget elementor-widget-button\" data-id=\"379b34d2\" data-element_type=\"widget\" data-widget_type=\"button.default\">\n\t\t\t\t<div class=\"elementor-widget-container\">\n\t\t\t\t\t\t\t\t\t<div class=\"elementor-button-wrapper\">\n\t\t\t\t\t<a class=\"elementor-button elementor-button-link elementor-size-sm\" href=\"https:\/\/voldgift.dk\/wp-content\/uploads\/2024\/12\/Vejledning-for-beregning-af-gebyr-og-serviceafgift-mv.-pr.-1.9.-2022-rev-6.pdf\" target=\"_blank\">\n\t\t\t\t\t\t<span class=\"elementor-button-content-wrapper\">\n\t\t\t\t\t\t<span class=\"elementor-button-icon\">\n\t\t\t\t<svg xmlns=\"http:\/\/www.w3.org\/2000\/svg\" width=\"42.35\" height=\"42.35\" viewbox=\"0 0 42.35 42.35\"><g id=\"download-pdf\" transform=\"translate(0)\"><g id=\"Group_314\" data-name=\"Group 314\" transform=\"translate(5.328 0)\"><g id=\"Group_313\" data-name=\"Group 313\"><path id=\"Path_9918\" data-name=\"Path 9918\" d=\"M80.375,8.78l-7.168,7.167h7.168Z\" transform=\"translate(-72.48 -8.054)\"><\/path><path id=\"Path_9919\" data-name=\"Path 9919\" d=\"M74.84,15.044V26.07a5.082,5.082,0,0,0,5.076,5.076H94.235v7.482a1.241,1.241,0,0,1-1.241,1.241H71.739l2.939-3.625a3.52,3.52,0,0,0-2.263-5.706V25.782a3.525,3.525,0,0,0-3.521-3.521H64.419V10.375h9.135a1.241,1.241,0,0,0,1.241-1.241V0h18.2a1.241,1.241,0,0,1,1.241,1.241V9.968H79.917a5.082,5.082,0,0,0-5.076,5.076Z\" transform=\"translate(-64.419 0)\"><\/path><\/g><\/g><path id=\"Path_9920\" data-name=\"Path 9920\" d=\"M277.53,219.571a1.074,1.074,0,0,1-1.077,1.04l-1.008,0c0-1.085,0-.663-.006-2.084h1.013A1.074,1.074,0,0,1,277.53,219.571Z\" transform=\"translate(-252.657 -200.454)\"><\/path><path id=\"Path_9921\" data-name=\"Path 9921\" d=\"M232.627,156.136h-1.046c0,.813,0,2,0,2.474,0,.565,0,1.7.006,2.485.393,0,.83-.006,1.077-.01,1.247-.022,1.8-1.255,1.8-2.467s-.485-2.481-1.845-2.481Zm0,0h-1.046c0,.813,0,2,0,2.474,0,.565,0,1.7.006,2.485.393,0,.83-.006,1.077-.01,1.247-.022,1.8-1.255,1.8-2.467s-.485-2.481-1.845-2.481Zm9.306-5.626H223a2.6,2.6,0,0,0-2.595,2.595v11.026A2.6,2.6,0,0,0,223,166.726h18.929a2.6,2.6,0,0,0,2.6-2.595V153.1A2.6,2.6,0,0,0,241.933,150.51Zm-15.958,9.361-1.016,0v2.051a.827.827,0,0,1-1.654,0v-6.617a.829.829,0,0,1,.827-.827h1.843a2.695,2.695,0,1,1,0,5.389Zm6.721,2.868c-.534.009-1.87.015-1.927.015a.857.857,0,0,1-.844-.935v-6.508a.827.827,0,0,1,.827-.829h1.874c2.093,0,3.5,1.662,3.5,4.136C236.127,160.971,234.683,162.7,232.7,162.739Zm7.9-5.011a.827.827,0,0,1,0,1.654h-1.642v2.544a.827.827,0,0,1-1.654,0v-6.617a.827.827,0,0,1,.827-.827h2.682a.827.827,0,0,1,0,1.654h-1.855v1.591Zm-7.966-1.591h-1.046c0,.813,0,2,0,2.474,0,.565,0,1.7.006,2.485.393,0,.83-.006,1.077-.01,1.247-.022,1.8-1.255,1.8-2.467S233.988,156.136,232.627,156.136Z\" transform=\"translate(-202.179 -138.061)\"><\/path><g id=\"Group_315\" data-name=\"Group 315\" transform=\"translate(0 24.742)\"><path id=\"Path_9922\" data-name=\"Path 9922\" d=\"M13.66,309.059l-5.906,7.284a1.041,1.041,0,0,1-1.616,0L.232,309.059a1.039,1.039,0,0,1,.807-1.694h2.01v-7.206a1.039,1.039,0,0,1,1.04-1.04H9.8a1.04,1.04,0,0,1,1.04,1.04v7.206h2.01a1.039,1.039,0,0,1,.807,1.694Z\" transform=\"translate(0 -299.119)\"><\/path><\/g><\/g><\/svg>\t\t\t<\/span>\n\t\t\t\t\t\t\t\t\t<span class=\"elementor-button-text\">Vejledning for beregning af gebyr og serviceafgift mv. pr. 1.9. 2022<\/span>\n\t\t\t\t\t<\/span>\n\t\t\t\t\t<\/a>\n\t\t\t\t<\/div>\n\t\t\t\t\t\t\t\t<\/div>\n\t\t\t\t<\/div>\n\t\t\t\t<div class=\"elementor-element elementor-element-6188b1c elementor-align-justify elementor-widget__width-initial elementor-widget elementor-widget-button\" data-id=\"6188b1c\" data-element_type=\"widget\" data-widget_type=\"button.default\">\n\t\t\t\t<div class=\"elementor-widget-container\">\n\t\t\t\t\t\t\t\t\t<div class=\"elementor-button-wrapper\">\n\t\t\t\t\t<a class=\"elementor-button elementor-button-link elementor-size-sm\" href=\"https:\/\/voldgift.dk\/wp-content\/uploads\/2025\/09\/Vejledning-for-beregning-af-honorar-for-alle-sagstyper-pr.-1.-oktober-2025.pdf\" target=\"_blank\">\n\t\t\t\t\t\t<span class=\"elementor-button-content-wrapper\">\n\t\t\t\t\t\t<span class=\"elementor-button-icon\">\n\t\t\t\t<svg xmlns=\"http:\/\/www.w3.org\/2000\/svg\" width=\"42.35\" height=\"42.35\" viewbox=\"0 0 42.35 42.35\"><g id=\"download-pdf\" transform=\"translate(0)\"><g id=\"Group_314\" data-name=\"Group 314\" transform=\"translate(5.328 0)\"><g id=\"Group_313\" data-name=\"Group 313\"><path id=\"Path_9918\" data-name=\"Path 9918\" d=\"M80.375,8.78l-7.168,7.167h7.168Z\" transform=\"translate(-72.48 -8.054)\"><\/path><path id=\"Path_9919\" data-name=\"Path 9919\" d=\"M74.84,15.044V26.07a5.082,5.082,0,0,0,5.076,5.076H94.235v7.482a1.241,1.241,0,0,1-1.241,1.241H71.739l2.939-3.625a3.52,3.52,0,0,0-2.263-5.706V25.782a3.525,3.525,0,0,0-3.521-3.521H64.419V10.375h9.135a1.241,1.241,0,0,0,1.241-1.241V0h18.2a1.241,1.241,0,0,1,1.241,1.241V9.968H79.917a5.082,5.082,0,0,0-5.076,5.076Z\" transform=\"translate(-64.419 0)\"><\/path><\/g><\/g><path id=\"Path_9920\" data-name=\"Path 9920\" d=\"M277.53,219.571a1.074,1.074,0,0,1-1.077,1.04l-1.008,0c0-1.085,0-.663-.006-2.084h1.013A1.074,1.074,0,0,1,277.53,219.571Z\" transform=\"translate(-252.657 -200.454)\"><\/path><path id=\"Path_9921\" data-name=\"Path 9921\" d=\"M232.627,156.136h-1.046c0,.813,0,2,0,2.474,0,.565,0,1.7.006,2.485.393,0,.83-.006,1.077-.01,1.247-.022,1.8-1.255,1.8-2.467s-.485-2.481-1.845-2.481Zm0,0h-1.046c0,.813,0,2,0,2.474,0,.565,0,1.7.006,2.485.393,0,.83-.006,1.077-.01,1.247-.022,1.8-1.255,1.8-2.467s-.485-2.481-1.845-2.481Zm9.306-5.626H223a2.6,2.6,0,0,0-2.595,2.595v11.026A2.6,2.6,0,0,0,223,166.726h18.929a2.6,2.6,0,0,0,2.6-2.595V153.1A2.6,2.6,0,0,0,241.933,150.51Zm-15.958,9.361-1.016,0v2.051a.827.827,0,0,1-1.654,0v-6.617a.829.829,0,0,1,.827-.827h1.843a2.695,2.695,0,1,1,0,5.389Zm6.721,2.868c-.534.009-1.87.015-1.927.015a.857.857,0,0,1-.844-.935v-6.508a.827.827,0,0,1,.827-.829h1.874c2.093,0,3.5,1.662,3.5,4.136C236.127,160.971,234.683,162.7,232.7,162.739Zm7.9-5.011a.827.827,0,0,1,0,1.654h-1.642v2.544a.827.827,0,0,1-1.654,0v-6.617a.827.827,0,0,1,.827-.827h2.682a.827.827,0,0,1,0,1.654h-1.855v1.591Zm-7.966-1.591h-1.046c0,.813,0,2,0,2.474,0,.565,0,1.7.006,2.485.393,0,.83-.006,1.077-.01,1.247-.022,1.8-1.255,1.8-2.467S233.988,156.136,232.627,156.136Z\" transform=\"translate(-202.179 -138.061)\"><\/path><g id=\"Group_315\" data-name=\"Group 315\" transform=\"translate(0 24.742)\"><path id=\"Path_9922\" data-name=\"Path 9922\" d=\"M13.66,309.059l-5.906,7.284a1.041,1.041,0,0,1-1.616,0L.232,309.059a1.039,1.039,0,0,1,.807-1.694h2.01v-7.206a1.039,1.039,0,0,1,1.04-1.04H9.8a1.04,1.04,0,0,1,1.04,1.04v7.206h2.01a1.039,1.039,0,0,1,.807,1.694Z\" transform=\"translate(0 -299.119)\"><\/path><\/g><\/g><\/svg>\t\t\t<\/span>\n\t\t\t\t\t\t\t\t\t<span class=\"elementor-button-text\">Vejledning for beregning af honorar alle sagstyper oktober 2025<\/span>\n\t\t\t\t\t<\/span>\n\t\t\t\t\t<\/a>\n\t\t\t\t<\/div>\n\t\t\t\t\t\t\t\t<\/div>\n\t\t\t\t<\/div>\n\t\t\t\t<\/div>\n\t\t\t\t\t<\/div>\n\t\t\t\t<\/div>\n\t\t<div class=\"elementor-element elementor-element-10f6a180 e-flex e-con-boxed e-con e-parent\" data-id=\"10f6a180\" data-element_type=\"container\">\n\t\t\t\t\t<div class=\"e-con-inner\">\n\t\t<div class=\"elementor-element elementor-element-15e52672 e-con-full e-flex e-con e-child\" data-id=\"15e52672\" data-element_type=\"container\">\n\t\t\t\t<div class=\"elementor-element elementor-element-14d9befc elementor-widget__width-inherit elementor-widget elementor-widget-heading\" data-id=\"14d9befc\" data-element_type=\"widget\" data-widget_type=\"heading.default\">\n\t\t\t\t<div class=\"elementor-widget-container\">\n\t\t\t\t\t<h2 class=\"elementor-heading-title elementor-size-default\">Payment information<\/h2>\t\t\t\t<\/div>\n\t\t\t\t<\/div>\n\t\t\t\t<div class=\"elementor-element elementor-element-3e50e3be elementor-widget elementor-widget-text-editor\" data-id=\"3e50e3be\" data-element_type=\"widget\" data-widget_type=\"text-editor.default\">\n\t\t\t\t<div class=\"elementor-widget-container\">\n\t\t\t\t\t\t\t\t\t<p>I forbindelse med betalinger for ydelser og opkr\u00e6vning af depoter fra Voldgiftsn\u00e6vnets side fremsender sekretariatet en skrivelse, der indeholder en FIK-kode. For at sikre en hurtig og korrekt registrering af betalinger og depoter&nbsp;til Voldgiftsn\u00e6vnet, bedes denne FIK-kode anvendt. Nogle af n\u00e6vnets breve indeholder koder for begge parter med tydelig angivelse af parternes navne ud for den relevante kode.&nbsp;Indbetal venligst p\u00e5 rette FIK-kode.<\/p>\n<p>Some IT systems do not support the use of FIK codes. Instead, payment can be made to:<\/p>\n<p>Danske Bank, reg. nr. 4180 konto nr. 4180211519.&nbsp;SWIFT: DABADKKK&nbsp; \u2013&nbsp;&nbsp; DKK IBAN: DK5830004180211519.<\/p>\n<p>If manual transfers are used, please state the Arbitration Board file number, the names of the parties and the name of the payer.<\/p>\t\t\t\t\t\t\t\t<\/div>\n\t\t\t\t<\/div>\n\t\t\t\t<\/div>\n\t\t<div class=\"elementor-element elementor-element-5acdc6d4 e-con-full e-flex e-con e-child\" data-id=\"5acdc6d4\" data-element_type=\"container\">\n\t\t\t\t<div class=\"elementor-element elementor-element-5b20d60c elementor-widget elementor-widget-image\" data-id=\"5b20d60c\" data-element_type=\"widget\" data-widget_type=\"image.default\">\n\t\t\t\t<div class=\"elementor-widget-container\">\n\t\t\t\t\t\t\t\t\t\t\t\t\t\t\t<img decoding=\"async\" width=\"2560\" height=\"1707\" src=\"https:\/\/voldgift.dk\/wp-content\/uploads\/2024\/09\/Kraner_0037-scaled.jpg\" class=\"attachment-full size-full wp-image-1648\" alt=\"\" srcset=\"https:\/\/voldgift.dk\/wp-content\/uploads\/2024\/09\/Kraner_0037-scaled.jpg 2560w, https:\/\/voldgift.dk\/wp-content\/uploads\/2024\/09\/Kraner_0037-300x200.jpg 300w, https:\/\/voldgift.dk\/wp-content\/uploads\/2024\/09\/Kraner_0037-1024x683.jpg 1024w, https:\/\/voldgift.dk\/wp-content\/uploads\/2024\/09\/Kraner_0037-768x512.jpg 768w, https:\/\/voldgift.dk\/wp-content\/uploads\/2024\/09\/Kraner_0037-1536x1024.jpg 1536w, https:\/\/voldgift.dk\/wp-content\/uploads\/2024\/09\/Kraner_0037-2048x1365.jpg 2048w, https:\/\/voldgift.dk\/wp-content\/uploads\/2024\/09\/Kraner_0037-18x12.jpg 18w\" sizes=\"(max-width: 2560px) 100vw, 2560px\" \/>\t\t\t\t\t\t\t\t\t\t\t\t\t\t\t<\/div>\n\t\t\t\t<\/div>\n\t\t\t\t<\/div>\n\t\t\t\t\t<\/div>\n\t\t\t\t<\/div>\n\t\t\t\t<\/div>","protected":false},"excerpt":{"rendered":"<p>Uformel bed\u00f8mmelse Kontakt os VBA Portalen Ved behandlingen af en sag om uformel bed\u00f8mmelse skal parterne stille sikkerhed for alle udgifter som bed\u00f8mmelsen sk\u00f8nnes at omfatte. Ud over Voldgiftsn\u00e6vnets gebyr for at administrere sagen omfatter sikkerhedsstillelsen ogs\u00e5 bed\u00f8mmerens honorar. S\u00e5fremt parterne \u00f8nsker en yderligere bed\u00f8mmer vil der blive opkr\u00e6vet supplerende gebyr p\u00e5 2.000 kr. Bed\u00f8mmerens [&hellip;]<\/p>","protected":false},"author":1,"featured_media":0,"parent":0,"menu_order":0,"comment_status":"closed","ping_status":"closed","template":"elementor_header_footer","meta":{"footnotes":""},"class_list":["post-275","page","type-page","status-publish","hentry"],"_links":{"self":[{"href":"https:\/\/voldgift.dk\/en\/wp-json\/wp\/v2\/pages\/275","targetHints":{"allow":["GET"]}}],"collection":[{"href":"https:\/\/voldgift.dk\/en\/wp-json\/wp\/v2\/pages"}],"about":[{"href":"https:\/\/voldgift.dk\/en\/wp-json\/wp\/v2\/types\/page"}],"author":[{"embeddable":true,"href":"https:\/\/voldgift.dk\/en\/wp-json\/wp\/v2\/users\/1"}],"replies":[{"embeddable":true,"href":"https:\/\/voldgift.dk\/en\/wp-json\/wp\/v2\/comments?post=275"}],"version-history":[{"count":40,"href":"https:\/\/voldgift.dk\/en\/wp-json\/wp\/v2\/pages\/275\/revisions"}],"predecessor-version":[{"id":4131,"href":"https:\/\/voldgift.dk\/en\/wp-json\/wp\/v2\/pages\/275\/revisions\/4131"}],"wp:attachment":[{"href":"https:\/\/voldgift.dk\/en\/wp-json\/wp\/v2\/media?parent=275"}],"curies":[{"name":"wp","href":"https:\/\/api.w.org\/{rel}","templated":true}]}}