{"id":279,"date":"2024-04-17T12:43:40","date_gmt":"2024-04-17T12:43:40","guid":{"rendered":"https:\/\/voldgift.dk\/?page_id=279"},"modified":"2026-04-14T10:59:14","modified_gmt":"2026-04-14T08:59:14","slug":"indlevering-af-materiale","status":"publish","type":"page","link":"https:\/\/voldgift.dk\/en\/indlevering-af-materiale\/","title":{"rendered":"Submissions of Material"},"content":{"rendered":"<div data-elementor-type=\"wp-page\" data-elementor-id=\"279\" class=\"elementor elementor-279\" data-elementor-post-type=\"page\">\n\t\t\t\t<div class=\"elementor-element elementor-element-e2702a4 e-flex e-con-boxed e-con e-parent\" data-id=\"e2702a4\" data-element_type=\"container\" data-settings=\"{&quot;background_background&quot;:&quot;classic&quot;}\">\n\t\t\t\t\t<div class=\"e-con-inner\">\n\t\t\t\t<div class=\"elementor-element elementor-element-b3bf82d elementor-widget elementor-widget-heading\" data-id=\"b3bf82d\" data-element_type=\"widget\" data-widget_type=\"heading.default\">\n\t\t\t\t<div class=\"elementor-widget-container\">\n\t\t\t\t\t<h1 class=\"elementor-heading-title elementor-size-default\">Submissions of Material<\/h1>\t\t\t\t<\/div>\n\t\t\t\t<\/div>\n\t\t<div class=\"elementor-element elementor-element-f7da626 e-con-full e-flex e-con e-child\" data-id=\"f7da626\" data-element_type=\"container\">\n\t\t\t\t<div class=\"elementor-element elementor-element-a7987ad elementor-align-justify elementor-widget__width-initial elementor-widget-mobile__width-initial elementor-widget elementor-widget-button\" data-id=\"a7987ad\" data-element_type=\"widget\" data-widget_type=\"button.default\">\n\t\t\t\t<div class=\"elementor-widget-container\">\n\t\t\t\t\t\t\t\t\t<div class=\"elementor-button-wrapper\">\n\t\t\t\t\t<a class=\"elementor-button elementor-button-link elementor-size-sm elementor-animation-grow\" href=\"https:\/\/voldgift.dk\/en\/kontakt-os\/\">\n\t\t\t\t\t\t<span class=\"elementor-button-content-wrapper\">\n\t\t\t\t\t\t\t\t\t<span class=\"elementor-button-text\">Contact us<\/span>\n\t\t\t\t\t<\/span>\n\t\t\t\t\t<\/a>\n\t\t\t\t<\/div>\n\t\t\t\t\t\t\t\t<\/div>\n\t\t\t\t<\/div>\n\t\t\t\t<div class=\"elementor-element elementor-element-7bf8f34 elementor-align-justify elementor-widget__width-initial elementor-widget elementor-widget-button\" data-id=\"7bf8f34\" data-element_type=\"widget\" data-widget_type=\"button.default\">\n\t\t\t\t<div class=\"elementor-widget-container\">\n\t\t\t\t\t\t\t\t\t<div class=\"elementor-button-wrapper\">\n\t\t\t\t\t<a class=\"elementor-button elementor-button-link elementor-size-sm elementor-animation-grow\" href=\"https:\/\/vbaportalen.dk\/account\/login\" target=\"_blank\">\n\t\t\t\t\t\t<span class=\"elementor-button-content-wrapper\">\n\t\t\t\t\t\t\t\t\t<span class=\"elementor-button-text\">VBA Portal<\/span>\n\t\t\t\t\t<\/span>\n\t\t\t\t\t<\/a>\n\t\t\t\t<\/div>\n\t\t\t\t\t\t\t\t<\/div>\n\t\t\t\t<\/div>\n\t\t\t\t<\/div>\n\t\t\t\t\t<\/div>\n\t\t\t\t<\/div>\n\t\t<div class=\"elementor-element elementor-element-968d936 e-flex e-con-boxed e-con e-parent\" data-id=\"968d936\" data-element_type=\"container\">\n\t\t\t\t\t<div class=\"e-con-inner\">\n\t\t<div class=\"elementor-element elementor-element-40eb001a e-con-full e-flex e-con e-child\" data-id=\"40eb001a\" data-element_type=\"container\">\n\t\t\t\t<div class=\"elementor-element elementor-element-635aa25d elementor-widget elementor-widget-image\" data-id=\"635aa25d\" data-element_type=\"widget\" data-widget_type=\"image.default\">\n\t\t\t\t<div class=\"elementor-widget-container\">\n\t\t\t\t\t\t\t\t\t\t\t\t\t\t\t<img fetchpriority=\"high\" decoding=\"async\" width=\"2560\" height=\"1707\" src=\"https:\/\/voldgift.dk\/wp-content\/uploads\/2024\/09\/Byggepladser_0321-scaled.jpg\" class=\"attachment-full size-full wp-image-1643\" alt=\"\" srcset=\"https:\/\/voldgift.dk\/wp-content\/uploads\/2024\/09\/Byggepladser_0321-scaled.jpg 2560w, https:\/\/voldgift.dk\/wp-content\/uploads\/2024\/09\/Byggepladser_0321-300x200.jpg 300w, https:\/\/voldgift.dk\/wp-content\/uploads\/2024\/09\/Byggepladser_0321-1024x683.jpg 1024w, https:\/\/voldgift.dk\/wp-content\/uploads\/2024\/09\/Byggepladser_0321-768x512.jpg 768w, https:\/\/voldgift.dk\/wp-content\/uploads\/2024\/09\/Byggepladser_0321-1536x1024.jpg 1536w, https:\/\/voldgift.dk\/wp-content\/uploads\/2024\/09\/Byggepladser_0321-2048x1365.jpg 2048w, https:\/\/voldgift.dk\/wp-content\/uploads\/2024\/09\/Byggepladser_0321-18x12.jpg 18w\" sizes=\"(max-width: 2560px) 100vw, 2560px\" \/>\t\t\t\t\t\t\t\t\t\t\t\t\t\t\t<\/div>\n\t\t\t\t<\/div>\n\t\t\t\t<\/div>\n\t\t<div class=\"elementor-element elementor-element-f6ea82 e-con-full e-flex e-con e-child\" data-id=\"f6ea82\" data-element_type=\"container\">\n\t\t\t\t<div class=\"elementor-element elementor-element-175c7544 elementor-widget elementor-widget-text-editor\" data-id=\"175c7544\" data-element_type=\"widget\" data-widget_type=\"text-editor.default\">\n\t\t\t\t<div class=\"elementor-widget-container\">\n\t\t\t\t\t\t\t\t\t<p>All correspondence, submissions, pleadings, and exhibits in cases must be submitted digitally to the Arbitration Board, with a digital copy provided to the other parties. In exceptional cases, the Arbitration Board may require or allow written material to be sent in physical form.<\/p><p>Materiale anses for modtaget, n\u00e5r n\u00e6vnet har modtaget det med e-mail eller uploadet p\u00e5 VBA Portalen. Eventuelle frister regnes i forhold til datoen for modtagelse, dvs. senest kl. 23.59, og ikke i forhold til n\u00e6vnets kontortid.<\/p><p>Statements of claim, the expert report framework, and exhibits must be appropriately named and numbered or lettered.<\/p><p>The claimant's exhibits must be numbered consecutively (1, 2, etc.), while the respondent's exhibits should be lettered consecutively (A, B, etc.). If there are multiple respondents, the first respondent's exhibits are labeled Respondent 1-A, Respondent 1-B, etc. If there are third-party claimants, their exhibits are labeled Third Party-1, Third Party-2, etc., and the respondent's exhibits are labeled Third Party-A, Third Party-B, etc. It must be indicated which parts of the exhibit material the party intends to rely on.<\/p><p>Efter praksis stiller n\u00e6vnet krav til format af sk\u00f8nstemaer, herunder at de indsendes i et dokument og ikke som f.eks. et led i en l\u00e6ngere e-mail, ligesom b\u00e5de sk\u00f8nstema og bilag skal betegnes retvisende.\u00a0<\/p>\t\t\t\t\t\t\t\t<\/div>\n\t\t\t\t<\/div>\n\t\t\t\t<\/div>\n\t\t\t\t\t<\/div>\n\t\t\t\t<\/div>\n\t\t<div class=\"elementor-element elementor-element-19856275 e-flex e-con-boxed e-con e-parent\" data-id=\"19856275\" data-element_type=\"container\">\n\t\t\t\t\t<div class=\"e-con-inner\">\n\t\t<div class=\"elementor-element elementor-element-3f4bdb51 e-con-full e-flex e-con e-child\" data-id=\"3f4bdb51\" data-element_type=\"container\">\n\t\t\t\t<div class=\"elementor-element elementor-element-28f6040e elementor-widget elementor-widget-text-editor\" data-id=\"28f6040e\" data-element_type=\"widget\" data-widget_type=\"text-editor.default\">\n\t\t\t\t<div class=\"elementor-widget-container\">\n\t\t\t\t\t\t\t\t\t<p><strong>Digital submission via e-mail<\/strong><\/p><p>Written pleadings and exhibits submitted electronically must be sent together in one email, but as separate files. Files with large data volumes should not be sent via links, USB sticks, or similar methods. The Arbitration Board requires the use of the VBA Portal if correspondence cannot conveniently take place via email.<\/p><p>The Arbitration Board receive the following file formats via email for text and numbers: PDF (Adobe PDF format), DOCX (newer Word format), DOC (older Word format), TXT (plain text format), XLSX (newer Excel format), and XLS (older Excel format). For image files, the accepted formats are JPG, PNG, and TIFF. Materials that cannot be submitted in these formats, including drawings, must still be submitted by regular mail.<\/p><p>If the electronic material does not meet the above-mentioned format requirements, a request will be made to either correct it or submit the material in paper form. The Arbitration Board reserves the right, in exceptional cases, to insist on the submission of documents and exhibits in paper form.<\/p><p>It is emphasized that it remains a requirement for the collection of exhibits or extract to be received in paper format prior to the main hearing.<\/p><p>Material that needs to be sent in encrypted form can be sent to <span style=\"text-decoration: underline\"><a href=\"mailto:sikkerpost@voldgift.dk\"><span style=\"color: #012f6c;text-decoration: underline\">sikkerpost@voldgift.dk<\/span><\/a><\/span>.<\/p>\t\t\t\t\t\t\t\t<\/div>\n\t\t\t\t<\/div>\n\t\t\t\t<\/div>\n\t\t<div class=\"elementor-element elementor-element-1bd329b4 e-con-full e-flex e-con e-child\" data-id=\"1bd329b4\" data-element_type=\"container\">\n\t\t\t\t<div class=\"elementor-element elementor-element-349fd468 elementor-widget elementor-widget-image\" data-id=\"349fd468\" data-element_type=\"widget\" data-widget_type=\"image.default\">\n\t\t\t\t<div class=\"elementor-widget-container\">\n\t\t\t\t\t\t\t\t\t\t\t\t\t\t\t<img decoding=\"async\" width=\"2560\" height=\"1707\" src=\"https:\/\/voldgift.dk\/wp-content\/uploads\/2024\/09\/Byggepladser_0253-scaled.jpg\" class=\"attachment-full size-full wp-image-1642\" alt=\"\" srcset=\"https:\/\/voldgift.dk\/wp-content\/uploads\/2024\/09\/Byggepladser_0253-scaled.jpg 2560w, https:\/\/voldgift.dk\/wp-content\/uploads\/2024\/09\/Byggepladser_0253-300x200.jpg 300w, https:\/\/voldgift.dk\/wp-content\/uploads\/2024\/09\/Byggepladser_0253-1024x683.jpg 1024w, https:\/\/voldgift.dk\/wp-content\/uploads\/2024\/09\/Byggepladser_0253-768x512.jpg 768w, https:\/\/voldgift.dk\/wp-content\/uploads\/2024\/09\/Byggepladser_0253-1536x1024.jpg 1536w, https:\/\/voldgift.dk\/wp-content\/uploads\/2024\/09\/Byggepladser_0253-2048x1365.jpg 2048w, https:\/\/voldgift.dk\/wp-content\/uploads\/2024\/09\/Byggepladser_0253-18x12.jpg 18w\" sizes=\"(max-width: 2560px) 100vw, 2560px\" \/>\t\t\t\t\t\t\t\t\t\t\t\t\t\t\t<\/div>\n\t\t\t\t<\/div>\n\t\t\t\t<\/div>\n\t\t\t\t\t<\/div>\n\t\t\t\t<\/div>\n\t\t<div class=\"elementor-element elementor-element-65423dfa e-flex e-con-boxed e-con e-parent\" data-id=\"65423dfa\" data-element_type=\"container\">\n\t\t\t\t\t<div class=\"e-con-inner\">\n\t\t<div class=\"elementor-element elementor-element-25db9c6a e-con-full e-flex e-con e-child\" data-id=\"25db9c6a\" data-element_type=\"container\">\n\t\t\t\t<div class=\"elementor-element elementor-element-2e2ac0b5 elementor-widget elementor-widget-image\" data-id=\"2e2ac0b5\" data-element_type=\"widget\" data-widget_type=\"image.default\">\n\t\t\t\t<div class=\"elementor-widget-container\">\n\t\t\t\t\t\t\t\t\t\t\t\t\t\t\t<img decoding=\"async\" width=\"2560\" height=\"1707\" src=\"https:\/\/voldgift.dk\/wp-content\/uploads\/2024\/09\/Byggepladser_0332-scaled.jpg\" class=\"attachment-full size-full wp-image-1644\" alt=\"\" srcset=\"https:\/\/voldgift.dk\/wp-content\/uploads\/2024\/09\/Byggepladser_0332-scaled.jpg 2560w, https:\/\/voldgift.dk\/wp-content\/uploads\/2024\/09\/Byggepladser_0332-300x200.jpg 300w, https:\/\/voldgift.dk\/wp-content\/uploads\/2024\/09\/Byggepladser_0332-1024x683.jpg 1024w, https:\/\/voldgift.dk\/wp-content\/uploads\/2024\/09\/Byggepladser_0332-768x512.jpg 768w, https:\/\/voldgift.dk\/wp-content\/uploads\/2024\/09\/Byggepladser_0332-1536x1024.jpg 1536w, https:\/\/voldgift.dk\/wp-content\/uploads\/2024\/09\/Byggepladser_0332-2048x1365.jpg 2048w, https:\/\/voldgift.dk\/wp-content\/uploads\/2024\/09\/Byggepladser_0332-18x12.jpg 18w\" sizes=\"(max-width: 2560px) 100vw, 2560px\" \/>\t\t\t\t\t\t\t\t\t\t\t\t\t\t\t<\/div>\n\t\t\t\t<\/div>\n\t\t\t\t<\/div>\n\t\t<div class=\"elementor-element elementor-element-6959fc6a e-con-full e-flex e-con e-child\" data-id=\"6959fc6a\" data-element_type=\"container\">\n\t\t\t\t<div class=\"elementor-element elementor-element-7afa2f73 elementor-widget elementor-widget-text-editor\" data-id=\"7afa2f73\" data-element_type=\"widget\" data-widget_type=\"text-editor.default\">\n\t\t\t\t<div class=\"elementor-widget-container\">\n\t\t\t\t\t\t\t\t\t<p><strong>Digital <\/strong><strong>submission <\/strong><strong>via the VBA Portal<\/strong><\/p>\n<p>Alt materiale til brug for en sag ved Voldgiftsn\u00e6vnet, f.eks. klageskrift, svarskrift, bilag og sk\u00f8nstemaer, skal uploades elektronisk p\u00e5 sagen i VBA Portalen og placeres i mapper til de respektive dokumenttyper. Placeringen i mapper bestemmer, hvem som har adgang til det uploadede materiale, hvorfor det er vigtigt, at der sker en korrekt placering. Opm\u00e6rksomheden henledes p\u00e5, at sk\u00f8nstemaer skal uploades i mappen \u201cG. Udkast til sk\u00f8nstemaer\u201d&nbsp;<span style=\"color: var( --e-global-color-b032119 );text-align: var(--text-align)\">and not in the folder \"D. Final Expert Reports and Statements\".<\/span><span style=\"color: var( --e-global-color-b032119 );text-align: var(--text-align)\">and any associated expert appraisal exhibits should be uploaded in the folder \"H. Draft Exhibits for Expert Reports.\"&nbsp;<\/span><\/p>\n<p>When new material is uploaded in the VBA Portal, the party representatives will receive a notification email from the Portal. If there are no party representatives, the parties themselves will receive the notification. The Arbitration Board will still acknowledge receipt by email and encourage comments or further correspondence, as well as set deadlines, etc., as usual.<\/p>\n<p>Materiale anses for modtaget, n\u00e5r det er uploadet p\u00e5 VBA Portalen. Fristerne for modtagelsen af processkrifter regnes i forhold til datoen for modtagelsen, og der skal s\u00e5ledes ikke tages h\u00f8jde for n\u00e6vnets kontortider. Eksempelvis vil det sige, at et processkrift, der uploades p\u00e5 VBA Portalen p\u00e5 dagen for fristens udl\u00f8b kl. 23.59, anses for modtaget rettidigt.<\/p>\n<p>The VBA Portal supports the following formats:<\/p>\n<p>Text files: PDF<br>Image files: .bmp, .jpg, .png og .tiff<br>Video: .mp4, .mow, .avi, .mpg, .mkv, .wmv, .mov<\/p>\n<p>Der kan uploades \u00e9n eller flere filer p\u00e5 en gang, der ikke overskrider 1 GB individuelt eller samlet. Filer der er st\u00f8rre end 1 GB m\u00e5 opdeles. Der kan ikke uploades mapper i VBA Portalen, men den mulighed er under udvikling.<\/p>\n<p>Learn more about the VBA Portal <span style=\"text-decoration: underline;color: #012f6c\"><a style=\"color: #012f6c;text-decoration: underline\" href=\"https:\/\/voldgift.dk\/en\/vba-portal\/\" target=\"_blank\" rel=\"noopener noreferrer\">here<\/a><\/span>.<\/p>\t\t\t\t\t\t\t\t<\/div>\n\t\t\t\t<\/div>\n\t\t\t\t<\/div>\n\t\t\t\t\t<\/div>\n\t\t\t\t<\/div>\n\t\t<div class=\"elementor-element elementor-element-1904f654 e-flex e-con-boxed e-con e-parent\" data-id=\"1904f654\" data-element_type=\"container\">\n\t\t\t\t\t<div class=\"e-con-inner\">\n\t\t<div class=\"elementor-element elementor-element-ce4a163 e-con-full e-flex e-con e-child\" data-id=\"ce4a163\" data-element_type=\"container\">\n\t\t\t\t<div class=\"elementor-element elementor-element-6344d066 elementor-widget elementor-widget-text-editor\" data-id=\"6344d066\" data-element_type=\"widget\" data-widget_type=\"text-editor.default\">\n\t\t\t\t<div class=\"elementor-widget-container\">\n\t\t\t\t\t\t\t\t\t<p><strong>Submission of hardcopies <\/strong><\/p><p>Material that cannot be submitted digitally, including drawings, must be sent by regular mail.<\/p><p><strong style=\"color: var( --e-global-color-b032119 );text-align: var(--text-align)\">Archiving<\/strong><\/p><p>The Arbitration Board does not store cases in physical form. Document collections, extracts, or other materials that may have been received in physical form are shredded immediately after the cases are concluded.<\/p><p>There is no legal obligation for the Arbitration Board to store concluded cases for a specific number of years. The Arbitration Board is not bound by the rules that apply to state institutions, as the board is a private entity.<\/p>\t\t\t\t\t\t\t\t<\/div>\n\t\t\t\t<\/div>\n\t\t\t\t<\/div>\n\t\t<div class=\"elementor-element elementor-element-7b41829 e-con-full e-flex e-con e-child\" data-id=\"7b41829\" data-element_type=\"container\">\n\t\t\t\t<div class=\"elementor-element elementor-element-748e508 elementor-widget elementor-widget-image\" data-id=\"748e508\" data-element_type=\"widget\" data-widget_type=\"image.default\">\n\t\t\t\t<div class=\"elementor-widget-container\">\n\t\t\t\t\t\t\t\t\t\t\t\t\t\t\t<img loading=\"lazy\" decoding=\"async\" width=\"2560\" height=\"1498\" src=\"https:\/\/voldgift.dk\/wp-content\/uploads\/2024\/09\/Kraner_0562-scaled-e1734643915778.jpg\" class=\"attachment-full size-full wp-image-1649\" alt=\"\" srcset=\"https:\/\/voldgift.dk\/wp-content\/uploads\/2024\/09\/Kraner_0562-scaled-e1734643915778.jpg 2560w, https:\/\/voldgift.dk\/wp-content\/uploads\/2024\/09\/Kraner_0562-scaled-e1734643915778-300x176.jpg 300w, https:\/\/voldgift.dk\/wp-content\/uploads\/2024\/09\/Kraner_0562-scaled-e1734643915778-1024x599.jpg 1024w, https:\/\/voldgift.dk\/wp-content\/uploads\/2024\/09\/Kraner_0562-scaled-e1734643915778-768x449.jpg 768w, https:\/\/voldgift.dk\/wp-content\/uploads\/2024\/09\/Kraner_0562-scaled-e1734643915778-1536x899.jpg 1536w, https:\/\/voldgift.dk\/wp-content\/uploads\/2024\/09\/Kraner_0562-scaled-e1734643915778-2048x1198.jpg 2048w, https:\/\/voldgift.dk\/wp-content\/uploads\/2024\/09\/Kraner_0562-scaled-e1734643915778-18x12.jpg 18w\" sizes=\"(max-width: 2560px) 100vw, 2560px\" \/>\t\t\t\t\t\t\t\t\t\t\t\t\t\t\t<\/div>\n\t\t\t\t<\/div>\n\t\t\t\t<\/div>\n\t\t\t\t\t<\/div>\n\t\t\t\t<\/div>\n\t\t<div class=\"elementor-element elementor-element-79b65c5c e-flex e-con-boxed e-con e-parent\" data-id=\"79b65c5c\" data-element_type=\"container\" data-settings=\"{&quot;background_background&quot;:&quot;classic&quot;}\">\n\t\t\t\t\t<div class=\"e-con-inner\">\n\t\t<div class=\"elementor-element elementor-element-581a7e89 e-con-full e-flex e-con e-child\" data-id=\"581a7e89\" data-element_type=\"container\">\n\t\t\t\t<div class=\"elementor-element elementor-element-deff280 elementor-widget__width-inherit elementor-widget elementor-widget-heading\" data-id=\"deff280\" data-element_type=\"widget\" data-widget_type=\"heading.default\">\n\t\t\t\t<div class=\"elementor-widget-container\">\n\t\t\t\t\t<h2 class=\"elementor-heading-title elementor-size-default\">Guidelines for digital communication<\/h2>\t\t\t\t<\/div>\n\t\t\t\t<\/div>\n\t\t\t\t<div class=\"elementor-element elementor-element-12e5fd0c elementor-widget elementor-widget-text-editor\" data-id=\"12e5fd0c\" data-element_type=\"widget\" data-widget_type=\"text-editor.default\">\n\t\t\t\t<div class=\"elementor-widget-container\">\n\t\t\t\t\t\t\t\t\t<p>As part of the establishment of the VBA Portal, guidelines have been adopted for digital communication and document handling in VBA, as outlined below.<\/p>\t\t\t\t\t\t\t\t<\/div>\n\t\t\t\t<\/div>\n\t\t\t\t<div class=\"elementor-element elementor-element-f4ecec6 elementor-align-justify elementor-widget__width-initial elementor-widget elementor-widget-button\" data-id=\"f4ecec6\" data-element_type=\"widget\" data-widget_type=\"button.default\">\n\t\t\t\t<div class=\"elementor-widget-container\">\n\t\t\t\t\t\t\t\t\t<div class=\"elementor-button-wrapper\">\n\t\t\t\t\t<a class=\"elementor-button elementor-button-link elementor-size-sm\" href=\"https:\/\/voldgift.dk\/wp-content\/uploads\/2024\/12\/Retningslinier-for-digital-kommunikation-og-bilagshaandtering-i-VBA-version-1-3.pdf\" target=\"_blank\">\n\t\t\t\t\t\t<span class=\"elementor-button-content-wrapper\">\n\t\t\t\t\t\t<span class=\"elementor-button-icon\">\n\t\t\t\t<svg xmlns=\"http:\/\/www.w3.org\/2000\/svg\" width=\"42.35\" height=\"42.35\" viewbox=\"0 0 42.35 42.35\"><g id=\"download-pdf\" transform=\"translate(0)\"><g id=\"Group_314\" data-name=\"Group 314\" transform=\"translate(5.328 0)\"><g id=\"Group_313\" data-name=\"Group 313\"><path id=\"Path_9918\" data-name=\"Path 9918\" d=\"M80.375,8.78l-7.168,7.167h7.168Z\" transform=\"translate(-72.48 -8.054)\"><\/path><path id=\"Path_9919\" data-name=\"Path 9919\" d=\"M74.84,15.044V26.07a5.082,5.082,0,0,0,5.076,5.076H94.235v7.482a1.241,1.241,0,0,1-1.241,1.241H71.739l2.939-3.625a3.52,3.52,0,0,0-2.263-5.706V25.782a3.525,3.525,0,0,0-3.521-3.521H64.419V10.375h9.135a1.241,1.241,0,0,0,1.241-1.241V0h18.2a1.241,1.241,0,0,1,1.241,1.241V9.968H79.917a5.082,5.082,0,0,0-5.076,5.076Z\" transform=\"translate(-64.419 0)\"><\/path><\/g><\/g><path id=\"Path_9920\" data-name=\"Path 9920\" d=\"M277.53,219.571a1.074,1.074,0,0,1-1.077,1.04l-1.008,0c0-1.085,0-.663-.006-2.084h1.013A1.074,1.074,0,0,1,277.53,219.571Z\" transform=\"translate(-252.657 -200.454)\"><\/path><path id=\"Path_9921\" data-name=\"Path 9921\" d=\"M232.627,156.136h-1.046c0,.813,0,2,0,2.474,0,.565,0,1.7.006,2.485.393,0,.83-.006,1.077-.01,1.247-.022,1.8-1.255,1.8-2.467s-.485-2.481-1.845-2.481Zm0,0h-1.046c0,.813,0,2,0,2.474,0,.565,0,1.7.006,2.485.393,0,.83-.006,1.077-.01,1.247-.022,1.8-1.255,1.8-2.467s-.485-2.481-1.845-2.481Zm9.306-5.626H223a2.6,2.6,0,0,0-2.595,2.595v11.026A2.6,2.6,0,0,0,223,166.726h18.929a2.6,2.6,0,0,0,2.6-2.595V153.1A2.6,2.6,0,0,0,241.933,150.51Zm-15.958,9.361-1.016,0v2.051a.827.827,0,0,1-1.654,0v-6.617a.829.829,0,0,1,.827-.827h1.843a2.695,2.695,0,1,1,0,5.389Zm6.721,2.868c-.534.009-1.87.015-1.927.015a.857.857,0,0,1-.844-.935v-6.508a.827.827,0,0,1,.827-.829h1.874c2.093,0,3.5,1.662,3.5,4.136C236.127,160.971,234.683,162.7,232.7,162.739Zm7.9-5.011a.827.827,0,0,1,0,1.654h-1.642v2.544a.827.827,0,0,1-1.654,0v-6.617a.827.827,0,0,1,.827-.827h2.682a.827.827,0,0,1,0,1.654h-1.855v1.591Zm-7.966-1.591h-1.046c0,.813,0,2,0,2.474,0,.565,0,1.7.006,2.485.393,0,.83-.006,1.077-.01,1.247-.022,1.8-1.255,1.8-2.467S233.988,156.136,232.627,156.136Z\" transform=\"translate(-202.179 -138.061)\"><\/path><g id=\"Group_315\" data-name=\"Group 315\" transform=\"translate(0 24.742)\"><path id=\"Path_9922\" data-name=\"Path 9922\" d=\"M13.66,309.059l-5.906,7.284a1.041,1.041,0,0,1-1.616,0L.232,309.059a1.039,1.039,0,0,1,.807-1.694h2.01v-7.206a1.039,1.039,0,0,1,1.04-1.04H9.8a1.04,1.04,0,0,1,1.04,1.04v7.206h2.01a1.039,1.039,0,0,1,.807,1.694Z\" transform=\"translate(0 -299.119)\"><\/path><\/g><\/g><\/svg>\t\t\t<\/span>\n\t\t\t\t\t\t\t\t\t<span class=\"elementor-button-text\">Guidelines for Digital Communication and Document Handling in VBA (Version 1)<\/span>\n\t\t\t\t\t<\/span>\n\t\t\t\t\t<\/a>\n\t\t\t\t<\/div>\n\t\t\t\t\t\t\t\t<\/div>\n\t\t\t\t<\/div>\n\t\t\t\t<\/div>\n\t\t<div class=\"elementor-element elementor-element-220d9ced e-con-full e-flex e-con e-child\" data-id=\"220d9ced\" data-element_type=\"container\">\n\t\t\t\t<div class=\"elementor-element elementor-element-e260e8d elementor-widget__width-inherit elementor-widget elementor-widget-heading\" data-id=\"e260e8d\" data-element_type=\"widget\" data-widget_type=\"heading.default\">\n\t\t\t\t<div class=\"elementor-widget-container\">\n\t\t\t\t\t<h2 class=\"elementor-heading-title elementor-size-default\">Submission of extracts and collection of exhibits<\/h2>\t\t\t\t<\/div>\n\t\t\t\t<\/div>\n\t\t\t\t<div class=\"elementor-element elementor-element-1556031b elementor-widget elementor-widget-text-editor\" data-id=\"1556031b\" data-element_type=\"widget\" data-widget_type=\"text-editor.default\">\n\t\t\t\t<div class=\"elementor-widget-container\">\n\t\t\t\t\t\t\t\t\t<p>The parties must submit an extract or exhibit collection four weeks before the main hearing.<\/p><p>The required number of physical copies must be delivered or sent to correspond with the number of arbitrators, plus one copy for the secretariat. This means two copies for a sole arbitrator, four copies for a panel of three arbitrators, and six copies for a panel of five arbitrators.<\/p><p>Please note that these can only be submitted during the Board\u2019s office hours.<\/p>\t\t\t\t\t\t\t\t<\/div>\n\t\t\t\t<\/div>\n\t\t\t\t<\/div>\n\t\t\t\t\t<\/div>\n\t\t\t\t<\/div>\n\t\t\t\t<\/div>","protected":false},"excerpt":{"rendered":"<p>Indlevering af materiale Kontakt os VBA Portalen Al korrespondance, indl\u00e6g, processkrifter og bilag i sagerne skal indleveres digitalt til Voldgiftsn\u00e6vnet med digital kopi til \u00f8vrige parter. Voldgiftsn\u00e6vnet kan i s\u00e6rlige tilf\u00e6lde stille krav om eller tillade, at skriftligt materiale sendes i fysisk form. Materiale anses for modtaget, n\u00e5r n\u00e6vnet har modtaget det med e-mail eller [&hellip;]<\/p>","protected":false},"author":1,"featured_media":0,"parent":0,"menu_order":0,"comment_status":"closed","ping_status":"closed","template":"elementor_header_footer","meta":{"footnotes":""},"class_list":["post-279","page","type-page","status-publish","hentry"],"_links":{"self":[{"href":"https:\/\/voldgift.dk\/en\/wp-json\/wp\/v2\/pages\/279","targetHints":{"allow":["GET"]}}],"collection":[{"href":"https:\/\/voldgift.dk\/en\/wp-json\/wp\/v2\/pages"}],"about":[{"href":"https:\/\/voldgift.dk\/en\/wp-json\/wp\/v2\/types\/page"}],"author":[{"embeddable":true,"href":"https:\/\/voldgift.dk\/en\/wp-json\/wp\/v2\/users\/1"}],"replies":[{"embeddable":true,"href":"https:\/\/voldgift.dk\/en\/wp-json\/wp\/v2\/comments?post=279"}],"version-history":[{"count":58,"href":"https:\/\/voldgift.dk\/en\/wp-json\/wp\/v2\/pages\/279\/revisions"}],"predecessor-version":[{"id":4006,"href":"https:\/\/voldgift.dk\/en\/wp-json\/wp\/v2\/pages\/279\/revisions\/4006"}],"wp:attachment":[{"href":"https:\/\/voldgift.dk\/en\/wp-json\/wp\/v2\/media?parent=279"}],"curies":[{"name":"wp","href":"https:\/\/api.w.org\/{rel}","templated":true}]}}