{"id":306,"date":"2024-04-17T12:47:43","date_gmt":"2024-04-17T12:47:43","guid":{"rendered":"https:\/\/voldgift.dk\/?page_id=306"},"modified":"2025-11-18T10:21:19","modified_gmt":"2025-11-18T09:21:19","slug":"databeskyttelse","status":"publish","type":"page","link":"https:\/\/voldgift.dk\/en\/databeskyttelse\/","title":{"rendered":"Data protection"},"content":{"rendered":"<div data-elementor-type=\"wp-page\" data-elementor-id=\"306\" class=\"elementor elementor-306\" data-elementor-post-type=\"page\">\n\t\t\t\t<div class=\"elementor-element elementor-element-17d20ac7 e-flex e-con-boxed e-con e-parent\" data-id=\"17d20ac7\" data-element_type=\"container\" data-settings=\"{&quot;background_background&quot;:&quot;classic&quot;}\">\n\t\t\t\t\t<div class=\"e-con-inner\">\n\t\t\t\t<div class=\"elementor-element elementor-element-6adb4212 elementor-widget elementor-widget-heading\" data-id=\"6adb4212\" data-element_type=\"widget\" data-widget_type=\"heading.default\">\n\t\t\t\t<div class=\"elementor-widget-container\">\n\t\t\t\t\t<h1 class=\"elementor-heading-title elementor-size-default\">Data protection<\/h1>\t\t\t\t<\/div>\n\t\t\t\t<\/div>\n\t\t\t\t\t<\/div>\n\t\t\t\t<\/div>\n\t\t<div class=\"elementor-element elementor-element-3e8226d7 e-flex e-con-boxed e-con e-parent\" data-id=\"3e8226d7\" data-element_type=\"container\">\n\t\t\t\t\t<div class=\"e-con-inner\">\n\t\t<div class=\"elementor-element elementor-element-189a34 e-con-full e-flex e-con e-child\" data-id=\"189a34\" data-element_type=\"container\">\n\t\t\t\t<div class=\"elementor-element elementor-element-2edf1518 elementor-widget elementor-widget-text-editor\" data-id=\"2edf1518\" data-element_type=\"widget\" data-widget_type=\"text-editor.default\">\n\t\t\t\t<div class=\"elementor-widget-container\">\n\t\t\t\t\t\t\t\t\t<div class=\"entry-content\">\n<p>Voldgiftsn\u00e6vnet overholder den til enhver tid g\u00e6ldende persondatalovgivning i Danmark.<\/p>\n<p>Voldgiftsn\u00e6vnets brugere har ret til at vide, hvilke oplysninger Voldgiftsn\u00e6vnet har om dem, hvordan de bruges, og hvorn\u00e5r de slettes.<\/p>\n<p>N\u00e5r Voldgiftsn\u00e6vnet p\u00e5 baggrund af parternes aftale anmodes om at bist\u00e5 ved tvisteh\u00e5ndtering, f.eks. syn og sk\u00f8n eller voldgift, oprettes en sag i Voldgiftsn\u00e6vnet, hvor parternes og evt. advokaters navne samt kontaktoplysninger registreres. I sagerne opbevares den korrespondance og de dokumenter, der fremsendes af parterne, sammen med evt. sk\u00f8nserkl\u00e6ringer, afg\u00f8relser og kendelse i sagen.<\/p>\n<p>Members of the Arbitration Board staff have access to all information in case files, but they are bound by a duty of non-disclosure, and all information is treated as confidential and is only passed on to the parties to the case or their representatives as well as any expert appraisers, arbitrators, etc appointed in the case.<\/p>\n<p>The Arbitration Board has entered into a data processing agreement with its IT suppliers and others so as to ensure that applicable rules are observed in connection with the provision of IT support by technicians who have access to the Board\u2019s IT system. In addition, the Arbitration Board has security measures in place to ensure safe storage of data.<\/p>\n<p><strong>Data on expert appraisers, specialists experts, etc<\/strong><\/p>\n<p>The Arbitration Board keeps data on expert appraisers, arbitrators, specialist experts, mediators, conciliators and others who are involved in the work of the Board in its IT system, and some data are passed on in individual cases, eg CVs, information about professional background and contact details. Such data will typically be data that the person in question has submitted to the Board in the form of contact details, CV, banking details and possibly also a civil registration number. Banking details and civil registration numbers are exclusively used in connection with payments and statutory reporting to the tax authorities and other public authorities.<\/p>\n<p>Voldgiftsn\u00e6vnet sletter automatisk s\u00e5danne oplysninger, n\u00e5r de p\u00e5g\u00e6ldende ikke l\u00e6ngere er tilknyttet Voldgiftsn\u00e6vnet, og de kan til enhver tid anmode os om at slette dem. Dog kan der i visse tilf\u00e6lde v\u00e6re behov for at gemme nogle oplysninger, fx i forhold til honorar, ligesom navne og kontaktoplysninger fortsat vil v\u00e6re tilknyttet sagerne og indg\u00e5r i evt. afg\u00f8relser, herunder kendelser. Tidligere anvendt CV vil indg\u00e5 i de konkrete sager.<\/p>\n<p><strong>Storage and deletion of case files<\/strong><\/p>\n<p>The Arbitration Board has no legal obligation to store concluded cases for a particular number of years or to delete them after a certain period of time. However, if data is stored there must obviously be a good reason for this being done.<\/p>\n<p>The Arbitration Board is not bound by the rules that apply to government institutions, since the Board is a private enterprise.<\/p>\n<p><strong>Storage period<\/strong><\/p>\n<p>The Arbitration Board only stores cases in electronic form. Physical material is shredded immediately after the cases are concluded.<\/p>\n<p>The storage period depends on the type of case. The Arbitration Board retains cases involving expert appraisal (A-cases) and arbitration cases (C- or R-cases) for 20 years after the case is concluded. Cases involving expert determination (G-cases), speedy resolution (O-cases), mediation or conciliation cases (P- and Q-cases), and informal dispute assesment (H-cases) are stored for 10 years. Cases where the Arbitration Board proposes an expert appraiser (B-cases) are stored for 5 years.<\/p>\n<p>Der er ved opbevaringsperioden bl.a. lagt v\u00e6gt p\u00e5, at&nbsp;den&nbsp;findes n\u00f8dvendig&nbsp;for at&nbsp;sikre&nbsp;en h\u00f8j kvalitet i vores sagsbehandling og&nbsp;for kunne fremfinde tidligere sager og praksis, herunder&nbsp;for at undg\u00e5 inhabilitet og interessekonflikt i \u00f8vrige sager.<\/p>\n<\/div>\t\t\t\t\t\t\t\t<\/div>\n\t\t\t\t<\/div>\n\t\t\t\t<\/div>\n\t\t\t\t\t<\/div>\n\t\t\t\t<\/div>\n\t\t<div class=\"elementor-element elementor-element-78ad6adc e-flex e-con-boxed e-con e-parent\" data-id=\"78ad6adc\" data-element_type=\"container\" data-settings=\"{&quot;background_background&quot;:&quot;classic&quot;}\">\n\t\t\t\t\t<div class=\"e-con-inner\">\n\t\t\t\t<div class=\"elementor-element elementor-element-76c9886b elementor-widget__width-inherit elementor-widget elementor-widget-heading\" data-id=\"76c9886b\" data-element_type=\"widget\" data-widget_type=\"heading.default\">\n\t\t\t\t<div class=\"elementor-widget-container\">\n\t\t\t\t\t<h2 class=\"elementor-heading-title elementor-size-default\">Additional information<\/h2>\t\t\t\t<\/div>\n\t\t\t\t<\/div>\n\t\t\t\t<div class=\"elementor-element elementor-element-9ac3d1a elementor-widget elementor-widget-text-editor\" data-id=\"9ac3d1a\" data-element_type=\"widget\" data-widget_type=\"text-editor.default\">\n\t\t\t\t<div class=\"elementor-widget-container\">\n\t\t\t\t\t\t\t\t\t<p>For further information contact the Arbitration Board via <a href=\"mailto:voldgift@voldgift.dk\"><span style=\"text-decoration: underline;color: #012f6c\">voldgift@voldgift.dk<\/span><\/a>.<\/p><p>Encrypted materiale may be sent to the Arbitration Board via <a href=\"mailto:sikkerpost@voldgift.dk\"><span style=\"text-decoration: underline\"><span style=\"color: #012f6c;text-decoration: underline\">sikkerpost@voldgift.dk<\/span><\/span><\/a>.<\/p><p>Read more about the privacy policy below.<\/p>\t\t\t\t\t\t\t\t<\/div>\n\t\t\t\t<\/div>\n\t\t<div class=\"elementor-element elementor-element-1c2c532d e-con-full e-flex e-con e-child\" data-id=\"1c2c532d\" data-element_type=\"container\">\n\t\t\t\t<div class=\"elementor-element elementor-element-4e27643d elementor-align-justify elementor-widget__width-initial elementor-widget elementor-widget-button\" data-id=\"4e27643d\" data-element_type=\"widget\" data-widget_type=\"button.default\">\n\t\t\t\t<div class=\"elementor-widget-container\">\n\t\t\t\t\t\t\t\t\t<div class=\"elementor-button-wrapper\">\n\t\t\t\t\t<a class=\"elementor-button elementor-button-link elementor-size-sm\" href=\"https:\/\/voldgift.dk\/wp-content\/uploads\/2025\/11\/Privatlivspolitik-for-dommere-og-skoensmaend.pdf\" target=\"_blank\">\n\t\t\t\t\t\t<span class=\"elementor-button-content-wrapper\">\n\t\t\t\t\t\t<span class=\"elementor-button-icon\">\n\t\t\t\t<svg xmlns=\"http:\/\/www.w3.org\/2000\/svg\" width=\"42.35\" height=\"42.35\" viewbox=\"0 0 42.35 42.35\"><g id=\"download-pdf\" transform=\"translate(0)\"><g id=\"Group_314\" data-name=\"Group 314\" transform=\"translate(5.328 0)\"><g id=\"Group_313\" data-name=\"Group 313\"><path id=\"Path_9918\" data-name=\"Path 9918\" d=\"M80.375,8.78l-7.168,7.167h7.168Z\" transform=\"translate(-72.48 -8.054)\"><\/path><path id=\"Path_9919\" data-name=\"Path 9919\" d=\"M74.84,15.044V26.07a5.082,5.082,0,0,0,5.076,5.076H94.235v7.482a1.241,1.241,0,0,1-1.241,1.241H71.739l2.939-3.625a3.52,3.52,0,0,0-2.263-5.706V25.782a3.525,3.525,0,0,0-3.521-3.521H64.419V10.375h9.135a1.241,1.241,0,0,0,1.241-1.241V0h18.2a1.241,1.241,0,0,1,1.241,1.241V9.968H79.917a5.082,5.082,0,0,0-5.076,5.076Z\" transform=\"translate(-64.419 0)\"><\/path><\/g><\/g><path id=\"Path_9920\" data-name=\"Path 9920\" d=\"M277.53,219.571a1.074,1.074,0,0,1-1.077,1.04l-1.008,0c0-1.085,0-.663-.006-2.084h1.013A1.074,1.074,0,0,1,277.53,219.571Z\" transform=\"translate(-252.657 -200.454)\"><\/path><path id=\"Path_9921\" data-name=\"Path 9921\" d=\"M232.627,156.136h-1.046c0,.813,0,2,0,2.474,0,.565,0,1.7.006,2.485.393,0,.83-.006,1.077-.01,1.247-.022,1.8-1.255,1.8-2.467s-.485-2.481-1.845-2.481Zm0,0h-1.046c0,.813,0,2,0,2.474,0,.565,0,1.7.006,2.485.393,0,.83-.006,1.077-.01,1.247-.022,1.8-1.255,1.8-2.467s-.485-2.481-1.845-2.481Zm9.306-5.626H223a2.6,2.6,0,0,0-2.595,2.595v11.026A2.6,2.6,0,0,0,223,166.726h18.929a2.6,2.6,0,0,0,2.6-2.595V153.1A2.6,2.6,0,0,0,241.933,150.51Zm-15.958,9.361-1.016,0v2.051a.827.827,0,0,1-1.654,0v-6.617a.829.829,0,0,1,.827-.827h1.843a2.695,2.695,0,1,1,0,5.389Zm6.721,2.868c-.534.009-1.87.015-1.927.015a.857.857,0,0,1-.844-.935v-6.508a.827.827,0,0,1,.827-.829h1.874c2.093,0,3.5,1.662,3.5,4.136C236.127,160.971,234.683,162.7,232.7,162.739Zm7.9-5.011a.827.827,0,0,1,0,1.654h-1.642v2.544a.827.827,0,0,1-1.654,0v-6.617a.827.827,0,0,1,.827-.827h2.682a.827.827,0,0,1,0,1.654h-1.855v1.591Zm-7.966-1.591h-1.046c0,.813,0,2,0,2.474,0,.565,0,1.7.006,2.485.393,0,.83-.006,1.077-.01,1.247-.022,1.8-1.255,1.8-2.467S233.988,156.136,232.627,156.136Z\" transform=\"translate(-202.179 -138.061)\"><\/path><g id=\"Group_315\" data-name=\"Group 315\" transform=\"translate(0 24.742)\"><path id=\"Path_9922\" data-name=\"Path 9922\" d=\"M13.66,309.059l-5.906,7.284a1.041,1.041,0,0,1-1.616,0L.232,309.059a1.039,1.039,0,0,1,.807-1.694h2.01v-7.206a1.039,1.039,0,0,1,1.04-1.04H9.8a1.04,1.04,0,0,1,1.04,1.04v7.206h2.01a1.039,1.039,0,0,1,.807,1.694Z\" transform=\"translate(0 -299.119)\"><\/path><\/g><\/g><\/svg>\t\t\t<\/span>\n\t\t\t\t\t\t\t\t\t<span class=\"elementor-button-text\">Privacy policy for arbitrators and experts appraisers etc.<\/span>\n\t\t\t\t\t<\/span>\n\t\t\t\t\t<\/a>\n\t\t\t\t<\/div>\n\t\t\t\t\t\t\t\t<\/div>\n\t\t\t\t<\/div>\n\t\t\t\t<div class=\"elementor-element elementor-element-18529a3e elementor-align-justify elementor-widget__width-initial elementor-widget elementor-widget-button\" data-id=\"18529a3e\" data-element_type=\"widget\" data-widget_type=\"button.default\">\n\t\t\t\t<div class=\"elementor-widget-container\">\n\t\t\t\t\t\t\t\t\t<div class=\"elementor-button-wrapper\">\n\t\t\t\t\t<a class=\"elementor-button elementor-button-link elementor-size-sm\" href=\"https:\/\/voldgift.dk\/wp-content\/uploads\/2024\/12\/Privatlivspolitik-for-parter-og-repraesentanter-december-2019.pdf\" target=\"_blank\">\n\t\t\t\t\t\t<span class=\"elementor-button-content-wrapper\">\n\t\t\t\t\t\t<span class=\"elementor-button-icon\">\n\t\t\t\t<svg xmlns=\"http:\/\/www.w3.org\/2000\/svg\" width=\"42.35\" height=\"42.35\" viewbox=\"0 0 42.35 42.35\"><g id=\"download-pdf\" transform=\"translate(0)\"><g id=\"Group_314\" data-name=\"Group 314\" transform=\"translate(5.328 0)\"><g id=\"Group_313\" data-name=\"Group 313\"><path id=\"Path_9918\" data-name=\"Path 9918\" d=\"M80.375,8.78l-7.168,7.167h7.168Z\" transform=\"translate(-72.48 -8.054)\"><\/path><path id=\"Path_9919\" data-name=\"Path 9919\" d=\"M74.84,15.044V26.07a5.082,5.082,0,0,0,5.076,5.076H94.235v7.482a1.241,1.241,0,0,1-1.241,1.241H71.739l2.939-3.625a3.52,3.52,0,0,0-2.263-5.706V25.782a3.525,3.525,0,0,0-3.521-3.521H64.419V10.375h9.135a1.241,1.241,0,0,0,1.241-1.241V0h18.2a1.241,1.241,0,0,1,1.241,1.241V9.968H79.917a5.082,5.082,0,0,0-5.076,5.076Z\" transform=\"translate(-64.419 0)\"><\/path><\/g><\/g><path id=\"Path_9920\" data-name=\"Path 9920\" d=\"M277.53,219.571a1.074,1.074,0,0,1-1.077,1.04l-1.008,0c0-1.085,0-.663-.006-2.084h1.013A1.074,1.074,0,0,1,277.53,219.571Z\" transform=\"translate(-252.657 -200.454)\"><\/path><path id=\"Path_9921\" data-name=\"Path 9921\" d=\"M232.627,156.136h-1.046c0,.813,0,2,0,2.474,0,.565,0,1.7.006,2.485.393,0,.83-.006,1.077-.01,1.247-.022,1.8-1.255,1.8-2.467s-.485-2.481-1.845-2.481Zm0,0h-1.046c0,.813,0,2,0,2.474,0,.565,0,1.7.006,2.485.393,0,.83-.006,1.077-.01,1.247-.022,1.8-1.255,1.8-2.467s-.485-2.481-1.845-2.481Zm9.306-5.626H223a2.6,2.6,0,0,0-2.595,2.595v11.026A2.6,2.6,0,0,0,223,166.726h18.929a2.6,2.6,0,0,0,2.6-2.595V153.1A2.6,2.6,0,0,0,241.933,150.51Zm-15.958,9.361-1.016,0v2.051a.827.827,0,0,1-1.654,0v-6.617a.829.829,0,0,1,.827-.827h1.843a2.695,2.695,0,1,1,0,5.389Zm6.721,2.868c-.534.009-1.87.015-1.927.015a.857.857,0,0,1-.844-.935v-6.508a.827.827,0,0,1,.827-.829h1.874c2.093,0,3.5,1.662,3.5,4.136C236.127,160.971,234.683,162.7,232.7,162.739Zm7.9-5.011a.827.827,0,0,1,0,1.654h-1.642v2.544a.827.827,0,0,1-1.654,0v-6.617a.827.827,0,0,1,.827-.827h2.682a.827.827,0,0,1,0,1.654h-1.855v1.591Zm-7.966-1.591h-1.046c0,.813,0,2,0,2.474,0,.565,0,1.7.006,2.485.393,0,.83-.006,1.077-.01,1.247-.022,1.8-1.255,1.8-2.467S233.988,156.136,232.627,156.136Z\" transform=\"translate(-202.179 -138.061)\"><\/path><g id=\"Group_315\" data-name=\"Group 315\" transform=\"translate(0 24.742)\"><path id=\"Path_9922\" data-name=\"Path 9922\" d=\"M13.66,309.059l-5.906,7.284a1.041,1.041,0,0,1-1.616,0L.232,309.059a1.039,1.039,0,0,1,.807-1.694h2.01v-7.206a1.039,1.039,0,0,1,1.04-1.04H9.8a1.04,1.04,0,0,1,1.04,1.04v7.206h2.01a1.039,1.039,0,0,1,.807,1.694Z\" transform=\"translate(0 -299.119)\"><\/path><\/g><\/g><\/svg>\t\t\t<\/span>\n\t\t\t\t\t\t\t\t\t<span class=\"elementor-button-text\">Privacy policy for parties and representatives (december 2019)<\/span>\n\t\t\t\t\t<\/span>\n\t\t\t\t\t<\/a>\n\t\t\t\t<\/div>\n\t\t\t\t\t\t\t\t<\/div>\n\t\t\t\t<\/div>\n\t\t\t\t<div class=\"elementor-element elementor-element-1f8cc631 elementor-align-justify elementor-widget__width-initial elementor-widget elementor-widget-button\" data-id=\"1f8cc631\" data-element_type=\"widget\" data-widget_type=\"button.default\">\n\t\t\t\t<div class=\"elementor-widget-container\">\n\t\t\t\t\t\t\t\t\t<div class=\"elementor-button-wrapper\">\n\t\t\t\t\t<a class=\"elementor-button elementor-button-link elementor-size-sm\" href=\"https:\/\/voldgift.dk\/wp-content\/uploads\/2024\/12\/Privatlivspolitik-for-jobansoegere-december-2019.pdf\" target=\"_blank\">\n\t\t\t\t\t\t<span class=\"elementor-button-content-wrapper\">\n\t\t\t\t\t\t<span class=\"elementor-button-icon\">\n\t\t\t\t<svg xmlns=\"http:\/\/www.w3.org\/2000\/svg\" width=\"42.35\" height=\"42.35\" viewbox=\"0 0 42.35 42.35\"><g id=\"download-pdf\" transform=\"translate(0)\"><g id=\"Group_314\" data-name=\"Group 314\" transform=\"translate(5.328 0)\"><g id=\"Group_313\" data-name=\"Group 313\"><path id=\"Path_9918\" data-name=\"Path 9918\" d=\"M80.375,8.78l-7.168,7.167h7.168Z\" transform=\"translate(-72.48 -8.054)\"><\/path><path id=\"Path_9919\" data-name=\"Path 9919\" d=\"M74.84,15.044V26.07a5.082,5.082,0,0,0,5.076,5.076H94.235v7.482a1.241,1.241,0,0,1-1.241,1.241H71.739l2.939-3.625a3.52,3.52,0,0,0-2.263-5.706V25.782a3.525,3.525,0,0,0-3.521-3.521H64.419V10.375h9.135a1.241,1.241,0,0,0,1.241-1.241V0h18.2a1.241,1.241,0,0,1,1.241,1.241V9.968H79.917a5.082,5.082,0,0,0-5.076,5.076Z\" transform=\"translate(-64.419 0)\"><\/path><\/g><\/g><path id=\"Path_9920\" data-name=\"Path 9920\" d=\"M277.53,219.571a1.074,1.074,0,0,1-1.077,1.04l-1.008,0c0-1.085,0-.663-.006-2.084h1.013A1.074,1.074,0,0,1,277.53,219.571Z\" transform=\"translate(-252.657 -200.454)\"><\/path><path id=\"Path_9921\" data-name=\"Path 9921\" d=\"M232.627,156.136h-1.046c0,.813,0,2,0,2.474,0,.565,0,1.7.006,2.485.393,0,.83-.006,1.077-.01,1.247-.022,1.8-1.255,1.8-2.467s-.485-2.481-1.845-2.481Zm0,0h-1.046c0,.813,0,2,0,2.474,0,.565,0,1.7.006,2.485.393,0,.83-.006,1.077-.01,1.247-.022,1.8-1.255,1.8-2.467s-.485-2.481-1.845-2.481Zm9.306-5.626H223a2.6,2.6,0,0,0-2.595,2.595v11.026A2.6,2.6,0,0,0,223,166.726h18.929a2.6,2.6,0,0,0,2.6-2.595V153.1A2.6,2.6,0,0,0,241.933,150.51Zm-15.958,9.361-1.016,0v2.051a.827.827,0,0,1-1.654,0v-6.617a.829.829,0,0,1,.827-.827h1.843a2.695,2.695,0,1,1,0,5.389Zm6.721,2.868c-.534.009-1.87.015-1.927.015a.857.857,0,0,1-.844-.935v-6.508a.827.827,0,0,1,.827-.829h1.874c2.093,0,3.5,1.662,3.5,4.136C236.127,160.971,234.683,162.7,232.7,162.739Zm7.9-5.011a.827.827,0,0,1,0,1.654h-1.642v2.544a.827.827,0,0,1-1.654,0v-6.617a.827.827,0,0,1,.827-.827h2.682a.827.827,0,0,1,0,1.654h-1.855v1.591Zm-7.966-1.591h-1.046c0,.813,0,2,0,2.474,0,.565,0,1.7.006,2.485.393,0,.83-.006,1.077-.01,1.247-.022,1.8-1.255,1.8-2.467S233.988,156.136,232.627,156.136Z\" transform=\"translate(-202.179 -138.061)\"><\/path><g id=\"Group_315\" data-name=\"Group 315\" transform=\"translate(0 24.742)\"><path id=\"Path_9922\" data-name=\"Path 9922\" d=\"M13.66,309.059l-5.906,7.284a1.041,1.041,0,0,1-1.616,0L.232,309.059a1.039,1.039,0,0,1,.807-1.694h2.01v-7.206a1.039,1.039,0,0,1,1.04-1.04H9.8a1.04,1.04,0,0,1,1.04,1.04v7.206h2.01a1.039,1.039,0,0,1,.807,1.694Z\" transform=\"translate(0 -299.119)\"><\/path><\/g><\/g><\/svg>\t\t\t<\/span>\n\t\t\t\t\t\t\t\t\t<span class=\"elementor-button-text\">Privacy policy for job applicants (december 2019)<\/span>\n\t\t\t\t\t<\/span>\n\t\t\t\t\t<\/a>\n\t\t\t\t<\/div>\n\t\t\t\t\t\t\t\t<\/div>\n\t\t\t\t<\/div>\n\t\t\t\t<\/div>\n\t\t\t\t\t<\/div>\n\t\t\t\t<\/div>\n\t\t\t\t<\/div>","protected":false},"excerpt":{"rendered":"<p>Databeskyttelse Voldgiftsn\u00e6vnet overholder den til enhver tid g\u00e6ldende persondatalovgivning i Danmark. Voldgiftsn\u00e6vnets brugere har ret til at vide, hvilke oplysninger Voldgiftsn\u00e6vnet har om dem, hvordan de bruges, og hvorn\u00e5r de slettes. N\u00e5r Voldgiftsn\u00e6vnet p\u00e5 baggrund af parternes aftale anmodes om at bist\u00e5 ved tvisteh\u00e5ndtering, f.eks. syn og sk\u00f8n eller voldgift, oprettes en sag i Voldgiftsn\u00e6vnet, [&hellip;]<\/p>","protected":false},"author":1,"featured_media":0,"parent":0,"menu_order":0,"comment_status":"closed","ping_status":"closed","template":"elementor_header_footer","meta":{"footnotes":""},"class_list":["post-306","page","type-page","status-publish","hentry"],"_links":{"self":[{"href":"https:\/\/voldgift.dk\/en\/wp-json\/wp\/v2\/pages\/306","targetHints":{"allow":["GET"]}}],"collection":[{"href":"https:\/\/voldgift.dk\/en\/wp-json\/wp\/v2\/pages"}],"about":[{"href":"https:\/\/voldgift.dk\/en\/wp-json\/wp\/v2\/types\/page"}],"author":[{"embeddable":true,"href":"https:\/\/voldgift.dk\/en\/wp-json\/wp\/v2\/users\/1"}],"replies":[{"embeddable":true,"href":"https:\/\/voldgift.dk\/en\/wp-json\/wp\/v2\/comments?post=306"}],"version-history":[{"count":34,"href":"https:\/\/voldgift.dk\/en\/wp-json\/wp\/v2\/pages\/306\/revisions"}],"predecessor-version":[{"id":3420,"href":"https:\/\/voldgift.dk\/en\/wp-json\/wp\/v2\/pages\/306\/revisions\/3420"}],"wp:attachment":[{"href":"https:\/\/voldgift.dk\/en\/wp-json\/wp\/v2\/media?parent=306"}],"curies":[{"name":"wp","href":"https:\/\/api.w.org\/{rel}","templated":true}]}}