{"id":3600,"date":"2026-01-27T13:34:15","date_gmt":"2026-01-27T12:34:15","guid":{"rendered":"https:\/\/voldgift.dk\/?page_id=3600"},"modified":"2026-02-02T11:20:04","modified_gmt":"2026-02-02T10:20:04","slug":"kendelser","status":"publish","type":"page","link":"https:\/\/voldgift.dk\/en\/kendelser\/","title":{"rendered":"Kendelser og afg\u00f8relser"},"content":{"rendered":"<div data-elementor-type=\"wp-page\" data-elementor-id=\"3600\" class=\"elementor elementor-3600\" data-elementor-post-type=\"page\">\n\t\t\t\t<div class=\"elementor-element elementor-element-4b1b3fac e-flex e-con-boxed e-con e-parent\" data-id=\"4b1b3fac\" data-element_type=\"container\" data-settings=\"{&quot;background_background&quot;:&quot;classic&quot;}\">\n\t\t\t\t\t<div class=\"e-con-inner\">\n\t\t\t\t<div class=\"elementor-element elementor-element-7e053b1f elementor-widget elementor-widget-heading\" data-id=\"7e053b1f\" data-element_type=\"widget\" data-widget_type=\"heading.default\">\n\t\t\t\t<div class=\"elementor-widget-container\">\n\t\t\t\t\t<h1 class=\"elementor-heading-title elementor-size-default\">Kendelser og afg\u00f8relser<\/h1>\t\t\t\t<\/div>\n\t\t\t\t<\/div>\n\t\t<div class=\"elementor-element elementor-element-4f4b9de e-con-full e-flex e-con e-child\" data-id=\"4f4b9de\" data-element_type=\"container\">\n\t\t\t\t<div class=\"elementor-element elementor-element-97fbf06 elementor-align-justify elementor-widget__width-initial elementor-widget-mobile__width-initial elementor-widget elementor-widget-button\" data-id=\"97fbf06\" data-element_type=\"widget\" data-widget_type=\"button.default\">\n\t\t\t\t<div class=\"elementor-widget-container\">\n\t\t\t\t\t\t\t\t\t<div class=\"elementor-button-wrapper\">\n\t\t\t\t\t<a class=\"elementor-button elementor-button-link elementor-size-sm elementor-animation-grow\" href=\"https:\/\/voldgift.dk\/en\/kontakt-os\/\">\n\t\t\t\t\t\t<span class=\"elementor-button-content-wrapper\">\n\t\t\t\t\t\t\t\t\t<span class=\"elementor-button-text\">Contact us<\/span>\n\t\t\t\t\t<\/span>\n\t\t\t\t\t<\/a>\n\t\t\t\t<\/div>\n\t\t\t\t\t\t\t\t<\/div>\n\t\t\t\t<\/div>\n\t\t\t\t<div class=\"elementor-element elementor-element-3b1ad70 elementor-align-justify elementor-widget__width-initial elementor-widget elementor-widget-button\" data-id=\"3b1ad70\" data-element_type=\"widget\" data-widget_type=\"button.default\">\n\t\t\t\t<div class=\"elementor-widget-container\">\n\t\t\t\t\t\t\t\t\t<div class=\"elementor-button-wrapper\">\n\t\t\t\t\t<a class=\"elementor-button elementor-button-link elementor-size-sm elementor-animation-grow\" href=\"https:\/\/vbaportalen.dk\/account\/login\" target=\"_blank\">\n\t\t\t\t\t\t<span class=\"elementor-button-content-wrapper\">\n\t\t\t\t\t\t\t\t\t<span class=\"elementor-button-text\">VBA Portal<\/span>\n\t\t\t\t\t<\/span>\n\t\t\t\t\t<\/a>\n\t\t\t\t<\/div>\n\t\t\t\t\t\t\t\t<\/div>\n\t\t\t\t<\/div>\n\t\t\t\t<\/div>\n\t\t\t\t\t<\/div>\n\t\t\t\t<\/div>\n\t\t<div class=\"elementor-element elementor-element-4c28c165 e-flex e-con-boxed e-con e-parent\" data-id=\"4c28c165\" data-element_type=\"container\">\n\t\t\t\t\t<div class=\"e-con-inner\">\n\t\t<div class=\"elementor-element elementor-element-410e1f4 e-con-full e-flex e-con e-child\" data-id=\"410e1f4\" data-element_type=\"container\">\n\t\t\t\t<div class=\"elementor-element elementor-element-5997ff52 elementor-widget elementor-widget-image\" data-id=\"5997ff52\" data-element_type=\"widget\" data-widget_type=\"image.default\">\n\t\t\t\t<div class=\"elementor-widget-container\">\n\t\t\t\t\t\t\t\t\t\t\t\t\t\t\t<img fetchpriority=\"high\" decoding=\"async\" width=\"2560\" height=\"1707\" src=\"https:\/\/voldgift.dk\/wp-content\/uploads\/2024\/09\/Kraner_0037-scaled.jpg\" class=\"attachment-full size-full wp-image-1648\" alt=\"\" srcset=\"https:\/\/voldgift.dk\/wp-content\/uploads\/2024\/09\/Kraner_0037-scaled.jpg 2560w, https:\/\/voldgift.dk\/wp-content\/uploads\/2024\/09\/Kraner_0037-300x200.jpg 300w, https:\/\/voldgift.dk\/wp-content\/uploads\/2024\/09\/Kraner_0037-1024x683.jpg 1024w, https:\/\/voldgift.dk\/wp-content\/uploads\/2024\/09\/Kraner_0037-768x512.jpg 768w, https:\/\/voldgift.dk\/wp-content\/uploads\/2024\/09\/Kraner_0037-1536x1024.jpg 1536w, https:\/\/voldgift.dk\/wp-content\/uploads\/2024\/09\/Kraner_0037-2048x1365.jpg 2048w, https:\/\/voldgift.dk\/wp-content\/uploads\/2024\/09\/Kraner_0037-18x12.jpg 18w\" sizes=\"(max-width: 2560px) 100vw, 2560px\" \/>\t\t\t\t\t\t\t\t\t\t\t\t\t\t\t<\/div>\n\t\t\t\t<\/div>\n\t\t\t\t<\/div>\n\t\t<div class=\"elementor-element elementor-element-74f307aa e-con-full e-flex e-con e-child\" data-id=\"74f307aa\" data-element_type=\"container\">\n\t\t\t\t<div class=\"elementor-element elementor-element-4b166393 elementor-widget elementor-widget-text-editor\" data-id=\"4b166393\" data-element_type=\"widget\" data-widget_type=\"text-editor.default\">\n\t\t\t\t<div class=\"elementor-widget-container\">\n\t\t\t\t\t\t\t\t\t<p>Voldgiftsn\u00e6vnet er en privat institution og er ikke omfattet af forvaltningsloven eller offentlighedsloven.\u00a0<\/p><p>N\u00e6vnet er p\u00e5lagt at behandle sagerne i fortrolighed og kan ikke oplyse, hvilke sager der verserer eller har verseret ved n\u00e6vnet, medmindre dette allerede er offentligt kendt.\u00a0<\/p><p>Voldgiftsn\u00e6vnet fors\u00f8ger at sikre gennemsigtighed i praksis, s\u00e5ledes at branchen har mulighed for at g\u00f8re sig bekendt med udviklingen. Dette sker gennem offentligg\u00f8relse af voldgiftskendelser i annonymiseret form, ligesom der udarbejdes vejledninger og praksisnotater.\u00a0<\/p><p>Som f\u00f8lge af kravet om fortrolighed vil parterne altid skulle give tilsagn til evt. offentligg\u00f8relse af voldgiftskendelser eller procesafg\u00f8relser.\u00a0<\/p><p>Der arbejdes p\u00e5 at \u00f8ge gennemsigtigheden ved tillige at sikre offentligg\u00f8relse af hurtig afg\u00f8relser og sagkyndige beslutninger i det omfang, det vurderes relevant, og parterne har givet tilsagn hertil.\u00a0<\/p><p>Alene i helt s\u00e6rlige tilf\u00e6lde offentligg\u00f8rer Voldgiftsn\u00e6vnet selv afg\u00f8relser i annonymiseret form, idet vi som udgangspunkt har overladt udgivelsen til professionelle akt\u00f8rer i markedet inden for juridisk informationss\u00f8gning.\u00a0<\/p><p>Nedenfor vises link til de forskellige akt\u00f8rer.\u00a0<\/p>\t\t\t\t\t\t\t\t<\/div>\n\t\t\t\t<\/div>\n\t\t\t\t<\/div>\n\t\t\t\t\t<\/div>\n\t\t\t\t<\/div>\n\t\t<div class=\"elementor-element elementor-element-5b5188ee e-flex e-con-boxed e-con e-parent\" data-id=\"5b5188ee\" data-element_type=\"container\" data-settings=\"{&quot;background_background&quot;:&quot;classic&quot;}\">\n\t\t\t\t\t<div class=\"e-con-inner\">\n\t\t\t\t<div class=\"elementor-element elementor-element-61ba241c elementor-widget__width-inherit elementor-widget elementor-widget-heading\" data-id=\"61ba241c\" data-element_type=\"widget\" data-widget_type=\"heading.default\">\n\t\t\t\t<div class=\"elementor-widget-container\">\n\t\t\t\t\t<h2 class=\"elementor-heading-title elementor-size-default\">Kendelser i voldgiftssager<\/h2>\t\t\t\t<\/div>\n\t\t\t\t<\/div>\n\t\t\t\t<div class=\"elementor-element elementor-element-5add816 elementor-widget elementor-widget-text-editor\" data-id=\"5add816\" data-element_type=\"widget\" data-widget_type=\"text-editor.default\">\n\t\t\t\t<div class=\"elementor-widget-container\">\n\t\t\t\t\t\t\t\t\t<p>N\u00e5r der afsiges fuld kendelse vil parterne i langt de fleste sager blive forespurgt, om kendelsen m\u00e5 offentligg\u00f8res i anonymiseret form. Hvis der er givet tilsagn, offentligg\u00f8res langt de fleste kendelser.\u00a0<\/p><p>Voldgiftsn\u00e6vnet samarbejder med <a href=\"https:\/\/www.karnovgroup.dk\/\"><u>Karnov<\/u><\/a>, <u><a href=\"https:\/\/www.djoef.dk\/\">Dj\u00f8f <\/a><\/u>og <u><a href=\"https:\/\/pandektes.com\/da\/\">Pandektes<\/a><\/u>, der sikrer offentligg\u00f8relse af kendelserne i annonymiseret form.\u00a0<\/p><p>Karnov offentligg\u00f8rer kendelser i \u201dTidsskrift for Bolig- og Byggeret\u201d (T:BB).\u00a0<\/p><p>Dj\u00f8f offentligg\u00f8rer kendelser i \u201dKendelser om Fast Ejendom\u201d (KfE).\u00a0<\/p><p>Pandektes offentligg\u00f8rer kendelserne p\u00e5 deres digitale platform for juridisk informationss\u00f8gning. Pandektes tilbyder et abonnement til &#8220;PandektesByg&#8221;, der giver adgang til Voldgiftsn\u00e6vnets offentliggjorte kendelser og procesregler, AB-reglerne og lovgivning.\u00a0<\/p><p>Adgang kan k\u00f8bes ved henvendelse til den enkelte udbyder. Det er muligt enten at abonnere s\u00e6rskilt p\u00e5 Voldgiftsn\u00e6vnets kendelser, eller at v\u00e6lge et bredere abonnement p\u00e5 en samlet l\u00f8sning til juridisk informationss\u00f8gning.<\/p><p>L\u00e6s mere om hvordan du f\u00e5r adgang via links nedenfor.\u00a0<\/p>\t\t\t\t\t\t\t\t<\/div>\n\t\t\t\t<\/div>\n\t\t<div class=\"elementor-element elementor-element-3aa87e0 e-con-full e-flex e-con e-child\" data-id=\"3aa87e0\" data-element_type=\"container\">\n\t\t\t\t<div class=\"elementor-element elementor-element-9c653c8 elementor-align-justify elementor-widget__width-initial elementor-widget elementor-widget-button\" data-id=\"9c653c8\" data-element_type=\"widget\" data-widget_type=\"button.default\">\n\t\t\t\t<div class=\"elementor-widget-container\">\n\t\t\t\t\t\t\t\t\t<div class=\"elementor-button-wrapper\">\n\t\t\t\t\t<a class=\"elementor-button elementor-button-link elementor-size-sm\" href=\"https:\/\/www.karnovgroup.dk\/pakkerogpriser\/produktogindholdskatalog\/tbb-tidsskrift-for-bolig-og-byggeret\" target=\"_blank\">\n\t\t\t\t\t\t<span class=\"elementor-button-content-wrapper\">\n\t\t\t\t\t\t<span class=\"elementor-button-icon\">\n\t\t\t\t<svg aria-hidden=\"true\" class=\"e-font-icon-svg e-fas-link\" viewbox=\"0 0 512 512\" xmlns=\"http:\/\/www.w3.org\/2000\/svg\"><path d=\"M326.612 185.391c59.747 59.809 58.927 155.698.36 214.59-.11.12-.24.25-.36.37l-67.2 67.2c-59.27 59.27-155.699 59.262-214.96 0-59.27-59.26-59.27-155.7 0-214.96l37.106-37.106c9.84-9.84 26.786-3.3 27.294 10.606.648 17.722 3.826 35.527 9.69 52.721 1.986 5.822.567 12.262-3.783 16.612l-13.087 13.087c-28.026 28.026-28.905 73.66-1.155 101.96 28.024 28.579 74.086 28.749 102.325.51l67.2-67.19c28.191-28.191 28.073-73.757 0-101.83-3.701-3.694-7.429-6.564-10.341-8.569a16.037 16.037 0 0 1-6.947-12.606c-.396-10.567 3.348-21.456 11.698-29.806l21.054-21.055c5.521-5.521 14.182-6.199 20.584-1.731a152.482 152.482 0 0 1 20.522 17.197zM467.547 44.449c-59.261-59.262-155.69-59.27-214.96 0l-67.2 67.2c-.12.12-.25.25-.36.37-58.566 58.892-59.387 154.781.36 214.59a152.454 152.454 0 0 0 20.521 17.196c6.402 4.468 15.064 3.789 20.584-1.731l21.054-21.055c8.35-8.35 12.094-19.239 11.698-29.806a16.037 16.037 0 0 0-6.947-12.606c-2.912-2.005-6.64-4.875-10.341-8.569-28.073-28.073-28.191-73.639 0-101.83l67.2-67.19c28.239-28.239 74.3-28.069 102.325.51 27.75 28.3 26.872 73.934-1.155 101.96l-13.087 13.087c-4.35 4.35-5.769 10.79-3.783 16.612 5.864 17.194 9.042 34.999 9.69 52.721.509 13.906 17.454 20.446 27.294 10.606l37.106-37.106c59.271-59.259 59.271-155.699.001-214.959z\"><\/path><\/svg>\t\t\t<\/span>\n\t\t\t\t\t\t\t\t\t<span class=\"elementor-button-text\">Karnov \/ TBB - Tidsskrift for Bolig- og Byggeret <\/span>\n\t\t\t\t\t<\/span>\n\t\t\t\t\t<\/a>\n\t\t\t\t<\/div>\n\t\t\t\t\t\t\t\t<\/div>\n\t\t\t\t<\/div>\n\t\t\t\t<div class=\"elementor-element elementor-element-73124db elementor-align-justify elementor-widget__width-initial elementor-widget elementor-widget-button\" data-id=\"73124db\" data-element_type=\"widget\" data-widget_type=\"button.default\">\n\t\t\t\t<div class=\"elementor-widget-container\">\n\t\t\t\t\t\t\t\t\t<div class=\"elementor-button-wrapper\">\n\t\t\t\t\t<a class=\"elementor-button elementor-button-link elementor-size-sm\" href=\"https:\/\/djoefforlag.dk\/products\/kfe\" target=\"_blank\">\n\t\t\t\t\t\t<span class=\"elementor-button-content-wrapper\">\n\t\t\t\t\t\t<span class=\"elementor-button-icon\">\n\t\t\t\t<svg aria-hidden=\"true\" class=\"e-font-icon-svg e-fas-link\" viewbox=\"0 0 512 512\" xmlns=\"http:\/\/www.w3.org\/2000\/svg\"><path d=\"M326.612 185.391c59.747 59.809 58.927 155.698.36 214.59-.11.12-.24.25-.36.37l-67.2 67.2c-59.27 59.27-155.699 59.262-214.96 0-59.27-59.26-59.27-155.7 0-214.96l37.106-37.106c9.84-9.84 26.786-3.3 27.294 10.606.648 17.722 3.826 35.527 9.69 52.721 1.986 5.822.567 12.262-3.783 16.612l-13.087 13.087c-28.026 28.026-28.905 73.66-1.155 101.96 28.024 28.579 74.086 28.749 102.325.51l67.2-67.19c28.191-28.191 28.073-73.757 0-101.83-3.701-3.694-7.429-6.564-10.341-8.569a16.037 16.037 0 0 1-6.947-12.606c-.396-10.567 3.348-21.456 11.698-29.806l21.054-21.055c5.521-5.521 14.182-6.199 20.584-1.731a152.482 152.482 0 0 1 20.522 17.197zM467.547 44.449c-59.261-59.262-155.69-59.27-214.96 0l-67.2 67.2c-.12.12-.25.25-.36.37-58.566 58.892-59.387 154.781.36 214.59a152.454 152.454 0 0 0 20.521 17.196c6.402 4.468 15.064 3.789 20.584-1.731l21.054-21.055c8.35-8.35 12.094-19.239 11.698-29.806a16.037 16.037 0 0 0-6.947-12.606c-2.912-2.005-6.64-4.875-10.341-8.569-28.073-28.073-28.191-73.639 0-101.83l67.2-67.19c28.239-28.239 74.3-28.069 102.325.51 27.75 28.3 26.872 73.934-1.155 101.96l-13.087 13.087c-4.35 4.35-5.769 10.79-3.783 16.612 5.864 17.194 9.042 34.999 9.69 52.721.509 13.906 17.454 20.446 27.294 10.606l37.106-37.106c59.271-59.259 59.271-155.699.001-214.959z\"><\/path><\/svg>\t\t\t<\/span>\n\t\t\t\t\t\t\t\t\t<span class=\"elementor-button-text\">Dj\u00f8f \/ Kendelser om fast ejendom<\/span>\n\t\t\t\t\t<\/span>\n\t\t\t\t\t<\/a>\n\t\t\t\t<\/div>\n\t\t\t\t\t\t\t\t<\/div>\n\t\t\t\t<\/div>\n\t\t\t\t<div class=\"elementor-element elementor-element-9683228 elementor-align-justify elementor-widget__width-initial elementor-widget elementor-widget-button\" data-id=\"9683228\" data-element_type=\"widget\" data-widget_type=\"button.default\">\n\t\t\t\t<div class=\"elementor-widget-container\">\n\t\t\t\t\t\t\t\t\t<div class=\"elementor-button-wrapper\">\n\t\t\t\t\t<a class=\"elementor-button elementor-button-link elementor-size-sm\" href=\"https:\/\/pandektes.com\/da\/partnerships\/voldgiftsnaevnet\" target=\"_blank\">\n\t\t\t\t\t\t<span class=\"elementor-button-content-wrapper\">\n\t\t\t\t\t\t<span class=\"elementor-button-icon\">\n\t\t\t\t<svg aria-hidden=\"true\" class=\"e-font-icon-svg e-fas-link\" viewbox=\"0 0 512 512\" xmlns=\"http:\/\/www.w3.org\/2000\/svg\"><path d=\"M326.612 185.391c59.747 59.809 58.927 155.698.36 214.59-.11.12-.24.25-.36.37l-67.2 67.2c-59.27 59.27-155.699 59.262-214.96 0-59.27-59.26-59.27-155.7 0-214.96l37.106-37.106c9.84-9.84 26.786-3.3 27.294 10.606.648 17.722 3.826 35.527 9.69 52.721 1.986 5.822.567 12.262-3.783 16.612l-13.087 13.087c-28.026 28.026-28.905 73.66-1.155 101.96 28.024 28.579 74.086 28.749 102.325.51l67.2-67.19c28.191-28.191 28.073-73.757 0-101.83-3.701-3.694-7.429-6.564-10.341-8.569a16.037 16.037 0 0 1-6.947-12.606c-.396-10.567 3.348-21.456 11.698-29.806l21.054-21.055c5.521-5.521 14.182-6.199 20.584-1.731a152.482 152.482 0 0 1 20.522 17.197zM467.547 44.449c-59.261-59.262-155.69-59.27-214.96 0l-67.2 67.2c-.12.12-.25.25-.36.37-58.566 58.892-59.387 154.781.36 214.59a152.454 152.454 0 0 0 20.521 17.196c6.402 4.468 15.064 3.789 20.584-1.731l21.054-21.055c8.35-8.35 12.094-19.239 11.698-29.806a16.037 16.037 0 0 0-6.947-12.606c-2.912-2.005-6.64-4.875-10.341-8.569-28.073-28.073-28.191-73.639 0-101.83l67.2-67.19c28.239-28.239 74.3-28.069 102.325.51 27.75 28.3 26.872 73.934-1.155 101.96l-13.087 13.087c-4.35 4.35-5.769 10.79-3.783 16.612 5.864 17.194 9.042 34.999 9.69 52.721.509 13.906 17.454 20.446 27.294 10.606l37.106-37.106c59.271-59.259 59.271-155.699.001-214.959z\"><\/path><\/svg>\t\t\t<\/span>\n\t\t\t\t\t\t\t\t\t<span class=\"elementor-button-text\">Pandektes \/ PandektesByg<\/span>\n\t\t\t\t\t<\/span>\n\t\t\t\t\t<\/a>\n\t\t\t\t<\/div>\n\t\t\t\t\t\t\t\t<\/div>\n\t\t\t\t<\/div>\n\t\t\t\t<\/div>\n\t\t\t\t\t<\/div>\n\t\t\t\t<\/div>\n\t\t<div class=\"elementor-element elementor-element-27d27fe1 e-flex e-con-boxed e-con e-parent\" data-id=\"27d27fe1\" data-element_type=\"container\">\n\t\t\t\t\t<div class=\"e-con-inner\">\n\t\t<div class=\"elementor-element elementor-element-5d3458cc e-con-full e-flex e-con e-child\" data-id=\"5d3458cc\" data-element_type=\"container\">\n\t\t\t\t<div class=\"elementor-element elementor-element-478392b8 elementor-widget__width-inherit elementor-widget elementor-widget-heading\" data-id=\"478392b8\" data-element_type=\"widget\" data-widget_type=\"heading.default\">\n\t\t\t\t<div class=\"elementor-widget-container\">\n\t\t\t\t\t<h2 class=\"elementor-heading-title elementor-size-default\">Procesafg\u00f8relser<\/h2>\t\t\t\t<\/div>\n\t\t\t\t<\/div>\n\t\t\t\t<div class=\"elementor-element elementor-element-708323a9 elementor-widget elementor-widget-text-editor\" data-id=\"708323a9\" data-element_type=\"widget\" data-widget_type=\"text-editor.default\">\n\t\t\t\t<div class=\"elementor-widget-container\">\n\t\t\t\t\t\t\t\t\t<p>I alle sagstyper tr\u00e6ffes der l\u00f8bende en r\u00e6kke procesafg\u00f8relser om forskellige processkridt, for eksempel afg\u00f8relser om, hvilke sp\u00f8rgsm\u00e5l der m\u00e5 stilles i syn og sk\u00f8n, tvist om rette part eller om beg\u00e6ring om fristuds\u00e6ttelse.<\/p><p>Som udgangspunkt offentligg\u00f8res disse afg\u00f8relser ikke igennem de juridiske udbydere, medmindre der er tale om helt principelle forhold, og at parterne er enige i offentligg\u00f8relsen.\u00a0<\/p><p>I forhold til procesafg\u00f8relse kan der henvises til Voldgiftsn\u00e6vnets praksisnotater om hhv. syn og sk\u00f8n og hurtige afg\u00f8relser.<\/p><p>\u00a0<\/p>\t\t\t\t\t\t\t\t<\/div>\n\t\t\t\t<\/div>\n\t\t\t\t<div class=\"elementor-element elementor-element-3e3217a elementor-align-justify elementor-widget elementor-widget-button\" data-id=\"3e3217a\" data-element_type=\"widget\" data-widget_type=\"button.default\">\n\t\t\t\t<div class=\"elementor-widget-container\">\n\t\t\t\t\t\t\t\t\t<div class=\"elementor-button-wrapper\">\n\t\t\t\t\t<a class=\"elementor-button elementor-button-link elementor-size-sm\" href=\"https:\/\/issuu.com\/voldgiftsnaevnet\/docs\/praksisnotat_syn_og_sk_n_ved_voldgiftsn_vnet\" target=\"_blank\">\n\t\t\t\t\t\t<span class=\"elementor-button-content-wrapper\">\n\t\t\t\t\t\t<span class=\"elementor-button-icon\">\n\t\t\t\t<svg xmlns=\"http:\/\/www.w3.org\/2000\/svg\" width=\"42.35\" height=\"42.35\" viewbox=\"0 0 42.35 42.35\"><g id=\"download-pdf\" transform=\"translate(0)\"><g id=\"Group_314\" data-name=\"Group 314\" transform=\"translate(5.328 0)\"><g id=\"Group_313\" data-name=\"Group 313\"><path id=\"Path_9918\" data-name=\"Path 9918\" d=\"M80.375,8.78l-7.168,7.167h7.168Z\" transform=\"translate(-72.48 -8.054)\"><\/path><path id=\"Path_9919\" data-name=\"Path 9919\" d=\"M74.84,15.044V26.07a5.082,5.082,0,0,0,5.076,5.076H94.235v7.482a1.241,1.241,0,0,1-1.241,1.241H71.739l2.939-3.625a3.52,3.52,0,0,0-2.263-5.706V25.782a3.525,3.525,0,0,0-3.521-3.521H64.419V10.375h9.135a1.241,1.241,0,0,0,1.241-1.241V0h18.2a1.241,1.241,0,0,1,1.241,1.241V9.968H79.917a5.082,5.082,0,0,0-5.076,5.076Z\" transform=\"translate(-64.419 0)\"><\/path><\/g><\/g><path id=\"Path_9920\" data-name=\"Path 9920\" d=\"M277.53,219.571a1.074,1.074,0,0,1-1.077,1.04l-1.008,0c0-1.085,0-.663-.006-2.084h1.013A1.074,1.074,0,0,1,277.53,219.571Z\" transform=\"translate(-252.657 -200.454)\"><\/path><path id=\"Path_9921\" data-name=\"Path 9921\" d=\"M232.627,156.136h-1.046c0,.813,0,2,0,2.474,0,.565,0,1.7.006,2.485.393,0,.83-.006,1.077-.01,1.247-.022,1.8-1.255,1.8-2.467s-.485-2.481-1.845-2.481Zm0,0h-1.046c0,.813,0,2,0,2.474,0,.565,0,1.7.006,2.485.393,0,.83-.006,1.077-.01,1.247-.022,1.8-1.255,1.8-2.467s-.485-2.481-1.845-2.481Zm9.306-5.626H223a2.6,2.6,0,0,0-2.595,2.595v11.026A2.6,2.6,0,0,0,223,166.726h18.929a2.6,2.6,0,0,0,2.6-2.595V153.1A2.6,2.6,0,0,0,241.933,150.51Zm-15.958,9.361-1.016,0v2.051a.827.827,0,0,1-1.654,0v-6.617a.829.829,0,0,1,.827-.827h1.843a2.695,2.695,0,1,1,0,5.389Zm6.721,2.868c-.534.009-1.87.015-1.927.015a.857.857,0,0,1-.844-.935v-6.508a.827.827,0,0,1,.827-.829h1.874c2.093,0,3.5,1.662,3.5,4.136C236.127,160.971,234.683,162.7,232.7,162.739Zm7.9-5.011a.827.827,0,0,1,0,1.654h-1.642v2.544a.827.827,0,0,1-1.654,0v-6.617a.827.827,0,0,1,.827-.827h2.682a.827.827,0,0,1,0,1.654h-1.855v1.591Zm-7.966-1.591h-1.046c0,.813,0,2,0,2.474,0,.565,0,1.7.006,2.485.393,0,.83-.006,1.077-.01,1.247-.022,1.8-1.255,1.8-2.467S233.988,156.136,232.627,156.136Z\" transform=\"translate(-202.179 -138.061)\"><\/path><g id=\"Group_315\" data-name=\"Group 315\" transform=\"translate(0 24.742)\"><path id=\"Path_9922\" data-name=\"Path 9922\" d=\"M13.66,309.059l-5.906,7.284a1.041,1.041,0,0,1-1.616,0L.232,309.059a1.039,1.039,0,0,1,.807-1.694h2.01v-7.206a1.039,1.039,0,0,1,1.04-1.04H9.8a1.04,1.04,0,0,1,1.04,1.04v7.206h2.01a1.039,1.039,0,0,1,.807,1.694Z\" transform=\"translate(0 -299.119)\"><\/path><\/g><\/g><\/svg>\t\t\t<\/span>\n\t\t\t\t\t\t\t\t\t<span class=\"elementor-button-text\">Praksisnotat om syn og sk\u00f8n 25. januar 2024<\/span>\n\t\t\t\t\t<\/span>\n\t\t\t\t\t<\/a>\n\t\t\t\t<\/div>\n\t\t\t\t\t\t\t\t<\/div>\n\t\t\t\t<\/div>\n\t\t\t\t<div class=\"elementor-element elementor-element-f0e9934 elementor-align-justify elementor-widget elementor-widget-button\" data-id=\"f0e9934\" data-element_type=\"widget\" data-widget_type=\"button.default\">\n\t\t\t\t<div class=\"elementor-widget-container\">\n\t\t\t\t\t\t\t\t\t<div class=\"elementor-button-wrapper\">\n\t\t\t\t\t<a class=\"elementor-button elementor-button-link elementor-size-sm\" href=\"https:\/\/issuu.com\/voldgiftsnaevnet\/docs\/praksisnotat_hurtige_arg_relser_opmandsafg_relser_\" target=\"_blank\">\n\t\t\t\t\t\t<span class=\"elementor-button-content-wrapper\">\n\t\t\t\t\t\t<span class=\"elementor-button-icon\">\n\t\t\t\t<svg xmlns=\"http:\/\/www.w3.org\/2000\/svg\" width=\"42.35\" height=\"42.35\" viewbox=\"0 0 42.35 42.35\"><g id=\"download-pdf\" transform=\"translate(0)\"><g id=\"Group_314\" data-name=\"Group 314\" transform=\"translate(5.328 0)\"><g id=\"Group_313\" data-name=\"Group 313\"><path id=\"Path_9918\" data-name=\"Path 9918\" d=\"M80.375,8.78l-7.168,7.167h7.168Z\" transform=\"translate(-72.48 -8.054)\"><\/path><path id=\"Path_9919\" data-name=\"Path 9919\" d=\"M74.84,15.044V26.07a5.082,5.082,0,0,0,5.076,5.076H94.235v7.482a1.241,1.241,0,0,1-1.241,1.241H71.739l2.939-3.625a3.52,3.52,0,0,0-2.263-5.706V25.782a3.525,3.525,0,0,0-3.521-3.521H64.419V10.375h9.135a1.241,1.241,0,0,0,1.241-1.241V0h18.2a1.241,1.241,0,0,1,1.241,1.241V9.968H79.917a5.082,5.082,0,0,0-5.076,5.076Z\" transform=\"translate(-64.419 0)\"><\/path><\/g><\/g><path id=\"Path_9920\" data-name=\"Path 9920\" d=\"M277.53,219.571a1.074,1.074,0,0,1-1.077,1.04l-1.008,0c0-1.085,0-.663-.006-2.084h1.013A1.074,1.074,0,0,1,277.53,219.571Z\" transform=\"translate(-252.657 -200.454)\"><\/path><path id=\"Path_9921\" data-name=\"Path 9921\" d=\"M232.627,156.136h-1.046c0,.813,0,2,0,2.474,0,.565,0,1.7.006,2.485.393,0,.83-.006,1.077-.01,1.247-.022,1.8-1.255,1.8-2.467s-.485-2.481-1.845-2.481Zm0,0h-1.046c0,.813,0,2,0,2.474,0,.565,0,1.7.006,2.485.393,0,.83-.006,1.077-.01,1.247-.022,1.8-1.255,1.8-2.467s-.485-2.481-1.845-2.481Zm9.306-5.626H223a2.6,2.6,0,0,0-2.595,2.595v11.026A2.6,2.6,0,0,0,223,166.726h18.929a2.6,2.6,0,0,0,2.6-2.595V153.1A2.6,2.6,0,0,0,241.933,150.51Zm-15.958,9.361-1.016,0v2.051a.827.827,0,0,1-1.654,0v-6.617a.829.829,0,0,1,.827-.827h1.843a2.695,2.695,0,1,1,0,5.389Zm6.721,2.868c-.534.009-1.87.015-1.927.015a.857.857,0,0,1-.844-.935v-6.508a.827.827,0,0,1,.827-.829h1.874c2.093,0,3.5,1.662,3.5,4.136C236.127,160.971,234.683,162.7,232.7,162.739Zm7.9-5.011a.827.827,0,0,1,0,1.654h-1.642v2.544a.827.827,0,0,1-1.654,0v-6.617a.827.827,0,0,1,.827-.827h2.682a.827.827,0,0,1,0,1.654h-1.855v1.591Zm-7.966-1.591h-1.046c0,.813,0,2,0,2.474,0,.565,0,1.7.006,2.485.393,0,.83-.006,1.077-.01,1.247-.022,1.8-1.255,1.8-2.467S233.988,156.136,232.627,156.136Z\" transform=\"translate(-202.179 -138.061)\"><\/path><g id=\"Group_315\" data-name=\"Group 315\" transform=\"translate(0 24.742)\"><path id=\"Path_9922\" data-name=\"Path 9922\" d=\"M13.66,309.059l-5.906,7.284a1.041,1.041,0,0,1-1.616,0L.232,309.059a1.039,1.039,0,0,1,.807-1.694h2.01v-7.206a1.039,1.039,0,0,1,1.04-1.04H9.8a1.04,1.04,0,0,1,1.04,1.04v7.206h2.01a1.039,1.039,0,0,1,.807,1.694Z\" transform=\"translate(0 -299.119)\"><\/path><\/g><\/g><\/svg>\t\t\t<\/span>\n\t\t\t\t\t\t\t\t\t<span class=\"elementor-button-text\">Praksisnotat om hurtig afg\u00f8relser\/opmandsafg\u00f8relser 8. oktober 2025<\/span>\n\t\t\t\t\t<\/span>\n\t\t\t\t\t<\/a>\n\t\t\t\t<\/div>\n\t\t\t\t\t\t\t\t<\/div>\n\t\t\t\t<\/div>\n\t\t\t\t<\/div>\n\t\t<div class=\"elementor-element elementor-element-293a8105 e-con-full e-flex e-con e-child\" data-id=\"293a8105\" data-element_type=\"container\">\n\t\t\t\t<div class=\"elementor-element elementor-element-340144e9 elementor-widget elementor-widget-image\" data-id=\"340144e9\" data-element_type=\"widget\" data-widget_type=\"image.default\">\n\t\t\t\t<div class=\"elementor-widget-container\">\n\t\t\t\t\t\t\t\t\t\t\t\t\t\t\t<img decoding=\"async\" width=\"2560\" height=\"1707\" src=\"https:\/\/voldgift.dk\/wp-content\/uploads\/2024\/09\/Byggepladser_0038-scaled.jpg\" class=\"attachment-full size-full wp-image-1650\" alt=\"\" srcset=\"https:\/\/voldgift.dk\/wp-content\/uploads\/2024\/09\/Byggepladser_0038-scaled.jpg 2560w, https:\/\/voldgift.dk\/wp-content\/uploads\/2024\/09\/Byggepladser_0038-300x200.jpg 300w, https:\/\/voldgift.dk\/wp-content\/uploads\/2024\/09\/Byggepladser_0038-1024x683.jpg 1024w, https:\/\/voldgift.dk\/wp-content\/uploads\/2024\/09\/Byggepladser_0038-768x512.jpg 768w, https:\/\/voldgift.dk\/wp-content\/uploads\/2024\/09\/Byggepladser_0038-1536x1024.jpg 1536w, https:\/\/voldgift.dk\/wp-content\/uploads\/2024\/09\/Byggepladser_0038-2048x1365.jpg 2048w, https:\/\/voldgift.dk\/wp-content\/uploads\/2024\/09\/Byggepladser_0038-18x12.jpg 18w\" sizes=\"(max-width: 2560px) 100vw, 2560px\" \/>\t\t\t\t\t\t\t\t\t\t\t\t\t\t\t<\/div>\n\t\t\t\t<\/div>\n\t\t\t\t<\/div>\n\t\t\t\t\t<\/div>\n\t\t\t\t<\/div>\n\t\t\t\t<\/div>","protected":false},"excerpt":{"rendered":"<p>Kendelser og afg\u00f8relser Kontakt os VBA Portalen Voldgiftsn\u00e6vnet er en privat institution og er ikke omfattet af forvaltningsloven eller offentlighedsloven.\u00a0 N\u00e6vnet er p\u00e5lagt at behandle sagerne i fortrolighed og kan ikke oplyse, hvilke sager der verserer eller har verseret ved n\u00e6vnet, medmindre dette allerede er offentligt kendt.\u00a0 Voldgiftsn\u00e6vnet fors\u00f8ger at sikre gennemsigtighed i praksis, s\u00e5ledes [&hellip;]<\/p>","protected":false},"author":2,"featured_media":0,"parent":0,"menu_order":0,"comment_status":"closed","ping_status":"closed","template":"elementor_header_footer","meta":{"footnotes":""},"class_list":["post-3600","page","type-page","status-publish","hentry"],"_links":{"self":[{"href":"https:\/\/voldgift.dk\/en\/wp-json\/wp\/v2\/pages\/3600","targetHints":{"allow":["GET"]}}],"collection":[{"href":"https:\/\/voldgift.dk\/en\/wp-json\/wp\/v2\/pages"}],"about":[{"href":"https:\/\/voldgift.dk\/en\/wp-json\/wp\/v2\/types\/page"}],"author":[{"embeddable":true,"href":"https:\/\/voldgift.dk\/en\/wp-json\/wp\/v2\/users\/2"}],"replies":[{"embeddable":true,"href":"https:\/\/voldgift.dk\/en\/wp-json\/wp\/v2\/comments?post=3600"}],"version-history":[{"count":33,"href":"https:\/\/voldgift.dk\/en\/wp-json\/wp\/v2\/pages\/3600\/revisions"}],"predecessor-version":[{"id":3754,"href":"https:\/\/voldgift.dk\/en\/wp-json\/wp\/v2\/pages\/3600\/revisions\/3754"}],"wp:attachment":[{"href":"https:\/\/voldgift.dk\/en\/wp-json\/wp\/v2\/media?parent=3600"}],"curies":[{"name":"wp","href":"https:\/\/api.w.org\/{rel}","templated":true}]}}